{"id":11002,"date":"2023-07-11T13:00:22","date_gmt":"2023-07-11T11:00:22","guid":{"rendered":"https:\/\/www.laboratoire-diamex.com\/catalogue\/sampon-diamex-therapy\/"},"modified":"2024-07-04T14:08:01","modified_gmt":"2024-07-04T12:08:01","slug":"sampon-diamex-therapy","status":"publish","type":"product","link":"https:\/\/www.laboratoire-diamex.com\/ro\/catalog\/sampon-diamex-therapy\/","title":{"rendered":"\u0218ampon Diamex Therapy"},"content":{"rendered":"<h2>Descriere<\/h2>\n<p>\u0218ampon anti-pierdere a p\u0103rului, ajut\u0103 la limitarea c\u0103derii p\u0103rului \u0219i activeaz\u0103 regenerarea celular\u0103. Pielea este purificat\u0103, iar p\u0103rul este restructurat \u00een profunzime.<\/p>\n<h2>Ambalare<\/h2>\n<p>250 de mililitri, 1 litru, 5 litri \u0219i 25 de litri.<\/p>\n<h2>Instruc\u021biuni de utilizare<\/h2>\n<p>Umezi\u021bi bine \u0219i aplica\u021bi \u0219amponul pe toat\u0103 blana, mas\u00e2nd u\u0219or. L\u0103sa\u021bi s\u0103 ac\u021bioneze timp de 2-3 minute, apoi cl\u0103ti\u021bi bine. Evita\u021bi contactul cu ochii<\/p>\n<h2>Dilu\u021bie<\/h2>\n<p>125 mililitri de \u0219ampon pentru 1 litru de ap\u0103.<\/p>\n<h2>Propriet\u0103\u021bi<\/h2>\n<p>Instruc\u021biuni de utilizare<\/p>\n<h2>Compozi\u021bie<\/h2>\n<p>Aqua, lauret sulfat de sodiu, cocamidopropil betain, glicerin\u0103, clorur\u0103 de sodiu, cocamid\u0103 dea \u0219i glicerol, distearat de glicol (\u0219i) lauret sulfat de sodiu (\u0219i) cocamid\u0103 mea, quaternium-80, ap\u0103 de urtica dioica, proteine de gr\u00e2u hidrolizate (\u0219i) gluten de gr\u00e2u hidrolizat, acid citric, benzoat de sodiu, sorbat de potasiu, ulei de coaj\u0103 de citrus paradisi, colorant.<\/p>\n<h2>Coduri EAN<\/h2>\n<ul>\n<li>250 mililitri: 54 250 1685 528 7<\/li>\n<li>1 litru: 54 250 1685 582 9<\/li>\n<li>5 litri: 54 250 1685 583 6<\/li>\n<\/ul>\n<h2>Referin\u021be<\/h2>\n<ul>\n<li>250 mililitri : 5301230<\/li>\n<li>1 litru : 5301240<\/li>\n<li>5 litri : 5301250<\/li>\n<\/ul>\n","protected":false},"excerpt":{"rendered":"<p>Descriere \u0218ampon anti-pierdere a p\u0103rului, ajut\u0103 la limitarea c\u0103derii p\u0103rului \u0219i activeaz\u0103 regenerarea celular\u0103. Pielea este purificat\u0103, iar p\u0103rul este restructurat \u00een profunzime. Ambalare 250 de mililitri, 1 litru, 5 litri \u0219i 25 de litri. Instruc\u021biuni de utilizare Umezi\u021bi bine \u0219i aplica\u021bi \u0219amponul pe toat\u0103 blana, mas\u00e2nd u\u0219or. L\u0103sa\u021bi s\u0103 ac\u021bioneze timp de 2-3 minute, [&hellip;]<\/p>\n","protected":false},"featured_media":11012,"template":"","meta":{"site-sidebar-layout":"default","site-content-layout":"default","ast-site-content-layout":"default","site-content-style":"default","site-sidebar-style":"default","ast-global-header-display":"","ast-banner-title-visibility":"","ast-main-header-display":"","ast-hfb-above-header-display":"","ast-hfb-below-header-display":"","ast-hfb-mobile-header-display":"","site-post-title":"","ast-breadcrumbs-content":"","ast-featured-img":"","footer-sml-layout":"","ast-disable-related-posts":"","theme-transparent-header-meta":"default","adv-header-id-meta":"","stick-header-meta":"default","header-above-stick-meta":"","header-main-stick-meta":"","header-below-stick-meta":"","astra-migrate-meta-layouts":"default","ast-page-background-enabled":"default","ast-page-background-meta":{"desktop":{"background-color":"var(--ast-global-color-4)","background-image":"","background-repeat":"repeat","background-position":"center center","background-size":"auto","background-attachment":"scroll","background-type":"","background-media":"","overlay-type":"","overlay-color":"","overlay-opacity":"","overlay-gradient":""},"tablet":{"background-color":"","background-image":"","background-repeat":"repeat","background-position":"center center","background-size":"auto","background-attachment":"scroll","background-type":"","background-media":"","overlay-type":"","overlay-color":"","overlay-opacity":"","overlay-gradient":""},"mobile":{"background-color":"","background-image":"","background-repeat":"repeat","background-position":"center center","background-size":"auto","background-attachment":"scroll","background-type":"","background-media":"","overlay-type":"","overlay-color":"","overlay-opacity":"","overlay-gradient":""}},"ast-content-background-meta":{"desktop":{"background-color":"var(--ast-global-color-5)","background-image":"","background-repeat":"repeat","background-position":"center center","background-size":"auto","background-attachment":"scroll","background-type":"","background-media":"","overlay-type":"","overlay-color":"","overlay-opacity":"","overlay-gradient":""},"tablet":{"background-color":"var(--ast-global-color-5)","background-image":"","background-repeat":"repeat","background-position":"center center","background-size":"auto","background-attachment":"scroll","background-type":"","background-media":"","overlay-type":"","overlay-color":"","overlay-opacity":"","overlay-gradient":""},"mobile":{"background-color":"var(--ast-global-color-5)","background-image":"","background-repeat":"repeat","background-position":"center center","background-size":"auto","background-attachment":"scroll","background-type":"","background-media":"","overlay-type":"","overlay-color":"","overlay-opacity":"","overlay-gradient":""}}},"product_brand":[],"product_cat":[749],"product_tag":[],"class_list":{"0":"post-11002","1":"product","2":"type-product","3":"status-publish","4":"has-post-thumbnail","6":"product_cat-classique-ro","7":"pa_animal-caine","8":"pa_proprietes-prevenirea-caderii-parului","9":"pa_type-de-poils-par-lung","10":"pa_type-de-poils-par-scurt","11":"pa_type-de-poils-toate-tipurile","12":"desktop-align-left","13":"tablet-align-left","14":"mobile-align-left","15":"ast-product-gallery-layout-horizontal-slider","16":"ast-product-gallery-with-no-image","17":"ast-product-tabs-layout-horizontal","19":"first","20":"instock","21":"shipping-taxable","22":"product-type-simple"},"_links":{"self":[{"href":"https:\/\/www.laboratoire-diamex.com\/ro\/wp-json\/wp\/v2\/product\/11002","targetHints":{"allow":["GET"]}}],"collection":[{"href":"https:\/\/www.laboratoire-diamex.com\/ro\/wp-json\/wp\/v2\/product"}],"about":[{"href":"https:\/\/www.laboratoire-diamex.com\/ro\/wp-json\/wp\/v2\/types\/product"}],"version-history":[{"count":0,"href":"https:\/\/www.laboratoire-diamex.com\/ro\/wp-json\/wp\/v2\/product\/11002\/revisions"}],"wp:featuredmedia":[{"embeddable":true,"href":"https:\/\/www.laboratoire-diamex.com\/ro\/wp-json\/wp\/v2\/media\/11012"}],"wp:attachment":[{"href":"https:\/\/www.laboratoire-diamex.com\/ro\/wp-json\/wp\/v2\/media?parent=11002"}],"wp:term":[{"taxonomy":"product_brand","embeddable":true,"href":"https:\/\/www.laboratoire-diamex.com\/ro\/wp-json\/wp\/v2\/product_brand?post=11002"},{"taxonomy":"product_cat","embeddable":true,"href":"https:\/\/www.laboratoire-diamex.com\/ro\/wp-json\/wp\/v2\/product_cat?post=11002"},{"taxonomy":"product_tag","embeddable":true,"href":"https:\/\/www.laboratoire-diamex.com\/ro\/wp-json\/wp\/v2\/product_tag?post=11002"}],"curies":[{"name":"wp","href":"https:\/\/api.w.org\/{rel}","templated":true}]}}