{"id":11112,"date":"2023-07-11T13:00:20","date_gmt":"2023-07-11T11:00:20","guid":{"rendered":"https:\/\/www.laboratoire-diamex.com\/catalogue\/sampon-hidratant-si-reparator-diamex-pure\/"},"modified":"2024-07-04T14:06:31","modified_gmt":"2024-07-04T12:06:31","slug":"sampon-hidratant-si-reparator-diamex-pure","status":"publish","type":"product","link":"https:\/\/www.laboratoire-diamex.com\/ro\/catalog\/sampon-hidratant-si-reparator-diamex-pure\/","title":{"rendered":"\u0218ampon Diamex PURE Hidratare &amp; Reparare"},"content":{"rendered":"<h2>Descriere<\/h2>\n<p>\u0218amponul <strong>HIDRATARE &amp; REPARARE<\/strong> este \u00eembog\u0103\u021bit cu acid hialuronic \u0219i Aloe Vera pentru a hidrata profund \u0219i a repara p\u0103rul deteriorat.<\/p>\n<p><strong>Acidul hialuronic <\/strong> este un hidratant puternic care aduce beneficii p\u0103rului \u0219i pielii. Acesta re\u021bine umiditatea \u00een piele, \u00eembun\u0103t\u0103\u021be\u0219te elasticitatea \u0219i \u00eencurajeaz\u0103 produc\u021bia de colagen. De asemenea, previne usc\u0103ciunea \u0219i iritarea. Datorit\u0103 numeroaselor sale beneficii, acidul hialuronic hidrateaz\u0103 \u00een profunzime, repar\u0103 \u0219i \u00eent\u0103re\u0219te p\u0103rul, f\u0103c\u00e2ndu-l suplu, str\u0103lucitor, moale \u0219i m\u0103t\u0103sos.<\/p>\n<p><strong>Aloe Vera<\/strong>, bogat\u0103 \u00een vitaminele A, B6 \u0219i B9, asigur\u0103 o hidratare intens\u0103 pentru blan\u0103 \u0219i piele. Calmeaz\u0103 irita\u021biile pielii datorit\u0103 propriet\u0103\u021bilor sale antiinflamatorii, reduce m\u0103trea\u021ba \u0219i promoveaz\u0103 cre\u0219terea s\u0103n\u0103toas\u0103 a p\u0103rului. Acesta \u00eent\u0103re\u0219te p\u0103rul, l\u0103s\u00e2ndu-l str\u0103lucitor \u0219i moale \u0219i u\u0219or de coafat.<\/p>\n<p><strong>Formulat f\u0103r\u0103 alcool, silicon, coloran\u021bi sau sulfa\u021bi. <\/strong><\/p>\n<h2>Ambalare<\/h2>\n<p>300 mililitri, 1 litru \u0219i 5 litri.<\/p>\n<h2>Instruc\u021biuni de utilizare<\/h2>\n<p>Umezi\u021bi blana, aplica\u021bi \u0219amponul diluat sau nediluat pe tot corpul, mas\u00e2nd u\u0219or, apoi cl\u0103ti\u021bi bine. Evita\u021bi contactul cu ochii.<\/p>\n<h2>Dilu\u021bie<\/h2>\n<p>125 mililitri de \u0219ampon pentru 1 litru de ap\u0103.<br \/>\n* Poate fi utilizat pur sau diluat.<\/p>\n<h2>Propriet\u0103\u021bi<\/h2>\n<p><strong>Hidrateaz\u0103: <\/strong> con\u021bine humectan\u021bi care hidrateaz\u0103 p\u0103rul \u0219i pielea \u00een profunzime \u0219i pe termen lung.<br \/>\n<strong>Repar\u0103:<\/strong> ajut\u0103 la refacerea fibrei capilare deteriorate, fortific\u0103 p\u0103rul \u0219i reduce riscul de rupere.<br \/>\n<strong>Protejeaz\u0103:<\/strong> formeaz\u0103 o barier\u0103 protectoare \u00eempotriva agresiunilor externe, cum ar fi c\u0103ldura \u0219i poluarea.<span style=\"font-size: 16px;\"> <\/span><br \/>\n<strong>Calmeaz\u0103:<\/strong> reduce iritarea pielii, men\u021bine echilibrul hidrat\u0103rii \u0219i contribuie la s\u0103n\u0103tatea pielii.<br \/>\n<strong>Adaug\u0103 str\u0103lucire:<\/strong> adaug\u0103 str\u0103lucire hainei.<\/p>\n<h2>Instruc\u021biuni de utilizare<\/h2>\n<p>\u0218amponul <strong>HIDRATARE &amp; REPARARE<\/strong> din gama PURE este un produs premium special conceput pentru c\u00e2inii de expozi\u021bie a c\u0103ror blan\u0103 necesit\u0103 o aten\u021bie deosebit\u0103. Hidrateaz\u0103, repar\u0103 \u0219i protejeaz\u0103 blana c\u00e2inilor de elit\u0103 \u00eentr-un mod eficient \u0219i de lung\u0103 durat\u0103.<\/p>\n<h2>Compozi\u021bie<\/h2>\n<p>&#8211;<\/p>\n<h2>Coduri EAN<\/h2>\n<ul>\n<li>300 mililitri: 54 250 1685 659 8<\/li>\n<li>1 litru: 54 250 1685 678 9<\/li>\n<li>5 litri: 54 250 1685 679 6<\/li>\n<\/ul>\n<h2>Referin\u021be<\/h2>\n<ul>\n<li>300 mililitri: 5301620<\/li>\n<li>1 litru: 5301610<\/li>\n<li>5 litri: 5301630<\/li>\n<\/ul>\n","protected":false},"excerpt":{"rendered":"<p>\u0218amponul <strong>HIDRATARE &amp; REPARARE<\/strong> este \u00eembog\u0103\u021bit cu acid hialuronic \u0219i Aloe Vera pentru a hidrata profund \u0219i a repara p\u0103rul deteriorat.<\/p>\n<p><strong>Formulat f\u0103r\u0103 alcool, silicon, coloran\u021bi sau sulfa\u021bi. <\/strong><\/p>\n","protected":false},"featured_media":13525,"template":"","meta":{"site-sidebar-layout":"default","site-content-layout":"default","ast-site-content-layout":"default","site-content-style":"default","site-sidebar-style":"default","ast-global-header-display":"","ast-banner-title-visibility":"","ast-main-header-display":"","ast-hfb-above-header-display":"","ast-hfb-below-header-display":"","ast-hfb-mobile-header-display":"","site-post-title":"","ast-breadcrumbs-content":"","ast-featured-img":"","footer-sml-layout":"","ast-disable-related-posts":"","theme-transparent-header-meta":"default","adv-header-id-meta":"","stick-header-meta":"default","header-above-stick-meta":"","header-main-stick-meta":"","header-below-stick-meta":"","astra-migrate-meta-layouts":"default","ast-page-background-enabled":"default","ast-page-background-meta":{"desktop":{"background-color":"var(--ast-global-color-4)","background-image":"","background-repeat":"repeat","background-position":"center center","background-size":"auto","background-attachment":"scroll","background-type":"","background-media":"","overlay-type":"","overlay-color":"","overlay-opacity":"","overlay-gradient":""},"tablet":{"background-color":"","background-image":"","background-repeat":"repeat","background-position":"center center","background-size":"auto","background-attachment":"scroll","background-type":"","background-media":"","overlay-type":"","overlay-color":"","overlay-opacity":"","overlay-gradient":""},"mobile":{"background-color":"","background-image":"","background-repeat":"repeat","background-position":"center center","background-size":"auto","background-attachment":"scroll","background-type":"","background-media":"","overlay-type":"","overlay-color":"","overlay-opacity":"","overlay-gradient":""}},"ast-content-background-meta":{"desktop":{"background-color":"var(--ast-global-color-5)","background-image":"","background-repeat":"repeat","background-position":"center center","background-size":"auto","background-attachment":"scroll","background-type":"","background-media":"","overlay-type":"","overlay-color":"","overlay-opacity":"","overlay-gradient":""},"tablet":{"background-color":"var(--ast-global-color-5)","background-image":"","background-repeat":"repeat","background-position":"center center","background-size":"auto","background-attachment":"scroll","background-type":"","background-media":"","overlay-type":"","overlay-color":"","overlay-opacity":"","overlay-gradient":""},"mobile":{"background-color":"var(--ast-global-color-5)","background-image":"","background-repeat":"repeat","background-position":"center center","background-size":"auto","background-attachment":"scroll","background-type":"","background-media":"","overlay-type":"","overlay-color":"","overlay-opacity":"","overlay-gradient":""}}},"product_brand":[],"product_cat":[790],"product_tag":[],"class_list":{"0":"post-11112","1":"product","2":"type-product","3":"status-publish","4":"has-post-thumbnail","6":"product_cat-pure-ro","7":"pa_animal-caine","8":"pa_proprietes-de-protectie","9":"pa_proprietes-fortificarea","10":"pa_proprietes-hidratant","11":"pa_proprietes-regenerare","12":"pa_proprietes-reparator","13":"pa_proprietes-volumizarea","14":"pa_type-de-poils-toate-tipurile","15":"desktop-align-left","16":"tablet-align-left","17":"mobile-align-left","18":"ast-product-gallery-layout-horizontal-slider","19":"ast-product-gallery-with-no-image","20":"ast-product-tabs-layout-horizontal","22":"first","23":"instock","24":"shipping-taxable","25":"product-type-simple"},"_links":{"self":[{"href":"https:\/\/www.laboratoire-diamex.com\/ro\/wp-json\/wp\/v2\/product\/11112","targetHints":{"allow":["GET"]}}],"collection":[{"href":"https:\/\/www.laboratoire-diamex.com\/ro\/wp-json\/wp\/v2\/product"}],"about":[{"href":"https:\/\/www.laboratoire-diamex.com\/ro\/wp-json\/wp\/v2\/types\/product"}],"version-history":[{"count":0,"href":"https:\/\/www.laboratoire-diamex.com\/ro\/wp-json\/wp\/v2\/product\/11112\/revisions"}],"wp:featuredmedia":[{"embeddable":true,"href":"https:\/\/www.laboratoire-diamex.com\/ro\/wp-json\/wp\/v2\/media\/13525"}],"wp:attachment":[{"href":"https:\/\/www.laboratoire-diamex.com\/ro\/wp-json\/wp\/v2\/media?parent=11112"}],"wp:term":[{"taxonomy":"product_brand","embeddable":true,"href":"https:\/\/www.laboratoire-diamex.com\/ro\/wp-json\/wp\/v2\/product_brand?post=11112"},{"taxonomy":"product_cat","embeddable":true,"href":"https:\/\/www.laboratoire-diamex.com\/ro\/wp-json\/wp\/v2\/product_cat?post=11112"},{"taxonomy":"product_tag","embeddable":true,"href":"https:\/\/www.laboratoire-diamex.com\/ro\/wp-json\/wp\/v2\/product_tag?post=11112"}],"curies":[{"name":"wp","href":"https:\/\/api.w.org\/{rel}","templated":true}]}}