{"id":11348,"date":"2023-07-11T13:00:16","date_gmt":"2023-07-11T11:00:16","guid":{"rendered":"https:\/\/www.laboratoire-diamex.com\/catalogue\/diamex-delicate-spray-pentru-ingrijirea-pielii\/"},"modified":"2024-07-04T14:16:22","modified_gmt":"2024-07-04T12:16:22","slug":"diamex-delicate-spray-pentru-ingrijirea-pielii","status":"publish","type":"product","link":"https:\/\/www.laboratoire-diamex.com\/ro\/catalog\/diamex-delicate-spray-pentru-ingrijirea-pielii\/","title":{"rendered":"Lo\u021biune Diamex D\u00e9licat Spray"},"content":{"rendered":"<h2>Descriere<\/h2>\n<p>Acest spray delicat con\u021bine ulei de arbore de ceai. Ac\u021biunea sa benefic\u0103 amelioreaz\u0103 pielea de irita\u021bii \u0219i m\u00e2nc\u0103rimi. Poate fi folosit dup\u0103 tunsoare pe pielea fragil\u0103.<\/p>\n<h2>Ambalare<\/h2>\n<p>200 de mililitri, 1 litru \u0219i 5 litri.<\/p>\n<h2>Instruc\u021biuni de utilizare<\/h2>\n<p>Se pulverizeaz\u0103 pe zonele iritate \u0219i se las\u0103 s\u0103 se usuce.<\/p>\n<h2>Dilu\u021bie<\/h2>\n<p>&#8211;<\/p>\n<h2>Propriet\u0103\u021bi<\/h2>\n<p>&#8211;<\/p>\n<h2>Instruc\u021biuni de utilizare<\/h2>\n<p>&#8211;<\/p>\n<h2>Compozi\u021bie<\/h2>\n<p>Aqua, alantoin\u0103, ulei din frunze de melaleuca alternifolia, colorant.<\/p>\n<h2>Coduri EAN<\/h2>\n<p>200 mililitri: 54 250 1685 026 8<\/p>\n<ul>\n<li>1 litru : 54 250 1685 314 314 6<\/li>\n<li>5 litri: 54 250 1685 352 8<\/li>\n<\/ul>\n<h2>Referin\u021be<\/h2>\n<p>200 mililitri : 020197<\/p>\n<p>1 litru : 020198<\/p>\n<p>5 litri : 020199<\/p>\n","protected":false},"excerpt":{"rendered":"<p>Ac\u021biunea sa benefic\u0103 amelioreaz\u0103 pielea de irita\u021bii \u0219i m\u00e2nc\u0103rimi.<\/p>\n","protected":false},"featured_media":11354,"template":"","meta":{"site-sidebar-layout":"default","site-content-layout":"default","ast-site-content-layout":"default","site-content-style":"default","site-sidebar-style":"default","ast-global-header-display":"","ast-banner-title-visibility":"","ast-main-header-display":"","ast-hfb-above-header-display":"","ast-hfb-below-header-display":"","ast-hfb-mobile-header-display":"","site-post-title":"","ast-breadcrumbs-content":"","ast-featured-img":"","footer-sml-layout":"","ast-disable-related-posts":"","theme-transparent-header-meta":"default","adv-header-id-meta":"","stick-header-meta":"default","header-above-stick-meta":"","header-main-stick-meta":"","header-below-stick-meta":"","astra-migrate-meta-layouts":"default","ast-page-background-enabled":"default","ast-page-background-meta":{"desktop":{"background-color":"var(--ast-global-color-4)","background-image":"","background-repeat":"repeat","background-position":"center center","background-size":"auto","background-attachment":"scroll","background-type":"","background-media":"","overlay-type":"","overlay-color":"","overlay-opacity":"","overlay-gradient":""},"tablet":{"background-color":"","background-image":"","background-repeat":"repeat","background-position":"center center","background-size":"auto","background-attachment":"scroll","background-type":"","background-media":"","overlay-type":"","overlay-color":"","overlay-opacity":"","overlay-gradient":""},"mobile":{"background-color":"","background-image":"","background-repeat":"repeat","background-position":"center center","background-size":"auto","background-attachment":"scroll","background-type":"","background-media":"","overlay-type":"","overlay-color":"","overlay-opacity":"","overlay-gradient":""}},"ast-content-background-meta":{"desktop":{"background-color":"var(--ast-global-color-5)","background-image":"","background-repeat":"repeat","background-position":"center center","background-size":"auto","background-attachment":"scroll","background-type":"","background-media":"","overlay-type":"","overlay-color":"","overlay-opacity":"","overlay-gradient":""},"tablet":{"background-color":"var(--ast-global-color-5)","background-image":"","background-repeat":"repeat","background-position":"center center","background-size":"auto","background-attachment":"scroll","background-type":"","background-media":"","overlay-type":"","overlay-color":"","overlay-opacity":"","overlay-gradient":""},"mobile":{"background-color":"var(--ast-global-color-5)","background-image":"","background-repeat":"repeat","background-position":"center center","background-size":"auto","background-attachment":"scroll","background-type":"","background-media":"","overlay-type":"","overlay-color":"","overlay-opacity":"","overlay-gradient":""}}},"product_brand":[],"product_cat":[749],"product_tag":[],"class_list":{"0":"post-11348","1":"product","2":"type-product","3":"status-publish","4":"has-post-thumbnail","6":"product_cat-classique-ro","7":"pa_animal-caine","8":"pa_proprietes-linistitor","9":"pa_specificites-piele-sensibila","10":"pa_type-de-poils-par-aspru","11":"pa_type-de-poils-par-lung","12":"pa_type-de-poils-par-scurt","13":"pa_type-de-poils-toate-tipurile","14":"desktop-align-left","15":"tablet-align-left","16":"mobile-align-left","17":"ast-product-gallery-layout-horizontal-slider","18":"ast-product-tabs-layout-horizontal","20":"first","21":"instock","22":"shipping-taxable","23":"product-type-simple"},"_links":{"self":[{"href":"https:\/\/www.laboratoire-diamex.com\/ro\/wp-json\/wp\/v2\/product\/11348","targetHints":{"allow":["GET"]}}],"collection":[{"href":"https:\/\/www.laboratoire-diamex.com\/ro\/wp-json\/wp\/v2\/product"}],"about":[{"href":"https:\/\/www.laboratoire-diamex.com\/ro\/wp-json\/wp\/v2\/types\/product"}],"version-history":[{"count":0,"href":"https:\/\/www.laboratoire-diamex.com\/ro\/wp-json\/wp\/v2\/product\/11348\/revisions"}],"wp:featuredmedia":[{"embeddable":true,"href":"https:\/\/www.laboratoire-diamex.com\/ro\/wp-json\/wp\/v2\/media\/11354"}],"wp:attachment":[{"href":"https:\/\/www.laboratoire-diamex.com\/ro\/wp-json\/wp\/v2\/media?parent=11348"}],"wp:term":[{"taxonomy":"product_brand","embeddable":true,"href":"https:\/\/www.laboratoire-diamex.com\/ro\/wp-json\/wp\/v2\/product_brand?post=11348"},{"taxonomy":"product_cat","embeddable":true,"href":"https:\/\/www.laboratoire-diamex.com\/ro\/wp-json\/wp\/v2\/product_cat?post=11348"},{"taxonomy":"product_tag","embeddable":true,"href":"https:\/\/www.laboratoire-diamex.com\/ro\/wp-json\/wp\/v2\/product_tag?post=11348"}],"curies":[{"name":"wp","href":"https:\/\/api.w.org\/{rel}","templated":true}]}}