{"id":11609,"date":"2023-07-11T13:00:14","date_gmt":"2023-07-11T11:00:14","guid":{"rendered":"https:\/\/www.laboratoire-diamex.com\/catalogue\/ingrijirea-parului-diamex-revital-care\/"},"modified":"2024-07-04T14:18:32","modified_gmt":"2024-07-04T12:18:32","slug":"ingrijirea-parului-diamex-revital-care","status":"publish","type":"product","link":"https:\/\/www.laboratoire-diamex.com\/ro\/catalog\/ingrijirea-parului-diamex-revital-care\/","title":{"rendered":"Serul Diamex Revital Care"},"content":{"rendered":"<h2>Descriere<\/h2>\n<p>Acest ser hr\u0103ne\u0219te \u0219i repar\u0103 p\u0103rul tern \u0219i deteriorat. Confer\u0103 pielii o str\u0103lucire frumoas\u0103 \u0219i o textur\u0103 m\u0103t\u0103soas\u0103 \u0219i neted\u0103. De asemenea, are o ac\u021biune de descurcare. Poate fi folosit pe o hain\u0103 uscat\u0103 sau umed\u0103.<\/p>\n<h2>Ambalare<\/h2>\n<p>30 de mililitri.<\/p>\n<h2>Instruc\u021biuni de utilizare<\/h2>\n<p>Ca tratament revitalizant sau reparator: Lua\u021bi una sau 2 doze, freca\u021bi \u00een m\u00e2ini \u0219i aplica\u021bi pe tot p\u0103rul uscat sau umed. Pentru a descurca: aplica\u021bi 1 doz\u0103 direct pe nod.<\/p>\n<h2>Dilu\u021bie<\/h2>\n<p>&#8211;<\/p>\n<h2>Propriet\u0103\u021bi<\/h2>\n<p>&#8211;<\/p>\n<h2>Instruc\u021biuni de utilizare<\/h2>\n<p>&#8211;<\/p>\n<h2>Compozi\u021bie<\/h2>\n<p>Dimeticon\u0103.<\/p>\n<h2>Cod EAN<\/h2>\n<p>30 mililitri: 54 250 1685 180 180 7<\/p>\n<h2>Referin\u021b\u0103<\/h2>\n<p>30 mililitri : 020210<\/p>\n","protected":false},"excerpt":{"rendered":"<p>Acest ser hr\u0103ne\u0219te \u0219i repar\u0103 p\u0103rul tern \u0219i deteriorat.<\/p>\n","protected":false},"featured_media":11623,"template":"","meta":{"site-sidebar-layout":"default","site-content-layout":"default","ast-site-content-layout":"default","site-content-style":"default","site-sidebar-style":"default","ast-global-header-display":"","ast-banner-title-visibility":"","ast-main-header-display":"","ast-hfb-above-header-display":"","ast-hfb-below-header-display":"","ast-hfb-mobile-header-display":"","site-post-title":"","ast-breadcrumbs-content":"","ast-featured-img":"","footer-sml-layout":"","ast-disable-related-posts":"","theme-transparent-header-meta":"default","adv-header-id-meta":"","stick-header-meta":"default","header-above-stick-meta":"","header-main-stick-meta":"","header-below-stick-meta":"","astra-migrate-meta-layouts":"default","ast-page-background-enabled":"default","ast-page-background-meta":{"desktop":{"background-color":"var(--ast-global-color-4)","background-image":"","background-repeat":"repeat","background-position":"center center","background-size":"auto","background-attachment":"scroll","background-type":"","background-media":"","overlay-type":"","overlay-color":"","overlay-opacity":"","overlay-gradient":""},"tablet":{"background-color":"","background-image":"","background-repeat":"repeat","background-position":"center center","background-size":"auto","background-attachment":"scroll","background-type":"","background-media":"","overlay-type":"","overlay-color":"","overlay-opacity":"","overlay-gradient":""},"mobile":{"background-color":"","background-image":"","background-repeat":"repeat","background-position":"center center","background-size":"auto","background-attachment":"scroll","background-type":"","background-media":"","overlay-type":"","overlay-color":"","overlay-opacity":"","overlay-gradient":""}},"ast-content-background-meta":{"desktop":{"background-color":"var(--ast-global-color-5)","background-image":"","background-repeat":"repeat","background-position":"center center","background-size":"auto","background-attachment":"scroll","background-type":"","background-media":"","overlay-type":"","overlay-color":"","overlay-opacity":"","overlay-gradient":""},"tablet":{"background-color":"var(--ast-global-color-5)","background-image":"","background-repeat":"repeat","background-position":"center center","background-size":"auto","background-attachment":"scroll","background-type":"","background-media":"","overlay-type":"","overlay-color":"","overlay-opacity":"","overlay-gradient":""},"mobile":{"background-color":"var(--ast-global-color-5)","background-image":"","background-repeat":"repeat","background-position":"center center","background-size":"auto","background-attachment":"scroll","background-type":"","background-media":"","overlay-type":"","overlay-color":"","overlay-opacity":"","overlay-gradient":""}}},"product_brand":[],"product_cat":[749],"product_tag":[],"class_list":{"0":"post-11609","1":"product","2":"type-product","3":"status-publish","4":"has-post-thumbnail","6":"product_cat-classique-ro","7":"pa_animal-caine","8":"pa_animal-pisica","9":"pa_proprietes-detangler-ro","10":"pa_proprietes-hidratant","11":"pa_proprietes-revitalizant","12":"pa_type-de-poils-par-lung","13":"pa_type-de-poils-par-scurt","14":"pa_type-de-poils-toate-tipurile","15":"desktop-align-left","16":"tablet-align-left","17":"mobile-align-left","18":"ast-product-gallery-layout-horizontal-slider","19":"ast-product-gallery-with-no-image","20":"ast-product-tabs-layout-horizontal","22":"first","23":"instock","24":"shipping-taxable","25":"product-type-simple"},"_links":{"self":[{"href":"https:\/\/www.laboratoire-diamex.com\/ro\/wp-json\/wp\/v2\/product\/11609","targetHints":{"allow":["GET"]}}],"collection":[{"href":"https:\/\/www.laboratoire-diamex.com\/ro\/wp-json\/wp\/v2\/product"}],"about":[{"href":"https:\/\/www.laboratoire-diamex.com\/ro\/wp-json\/wp\/v2\/types\/product"}],"version-history":[{"count":0,"href":"https:\/\/www.laboratoire-diamex.com\/ro\/wp-json\/wp\/v2\/product\/11609\/revisions"}],"wp:featuredmedia":[{"embeddable":true,"href":"https:\/\/www.laboratoire-diamex.com\/ro\/wp-json\/wp\/v2\/media\/11623"}],"wp:attachment":[{"href":"https:\/\/www.laboratoire-diamex.com\/ro\/wp-json\/wp\/v2\/media?parent=11609"}],"wp:term":[{"taxonomy":"product_brand","embeddable":true,"href":"https:\/\/www.laboratoire-diamex.com\/ro\/wp-json\/wp\/v2\/product_brand?post=11609"},{"taxonomy":"product_cat","embeddable":true,"href":"https:\/\/www.laboratoire-diamex.com\/ro\/wp-json\/wp\/v2\/product_cat?post=11609"},{"taxonomy":"product_tag","embeddable":true,"href":"https:\/\/www.laboratoire-diamex.com\/ro\/wp-json\/wp\/v2\/product_tag?post=11609"}],"curies":[{"name":"wp","href":"https:\/\/api.w.org\/{rel}","templated":true}]}}