{"id":11610,"date":"2023-07-11T13:00:13","date_gmt":"2023-07-11T11:00:13","guid":{"rendered":"https:\/\/www.laboratoire-diamex.com\/catalogue\/diamex-top-finish-ingrijire-a-parului\/"},"modified":"2024-07-04T14:24:50","modified_gmt":"2024-07-04T12:24:50","slug":"diamex-top-finish-ingrijire-a-parului","status":"publish","type":"product","link":"https:\/\/www.laboratoire-diamex.com\/ro\/catalog\/diamex-top-finish-ingrijire-a-parului\/","title":{"rendered":"Lo\u021biune Diamex Top Finish"},"content":{"rendered":"<h2>Descriere<\/h2>\n<p>Professional Top Finish este un spray special conceput pentru a da atingerea final\u0103. Ofer\u0103 un efect antistatic \u0219i confer\u0103 str\u0103lucire p\u0103rului.<\/p>\n<h2>Ambalare<\/h2>\n<p>200 de mililitri, 1 litru \u0219i 5 litri.<\/p>\n<h2>Instruc\u021biuni de utilizare<\/h2>\n<p>&#8211;<\/p>\n<h2>Dilu\u021bie<\/h2>\n<p>&#8211;<\/p>\n<h2>Propriet\u0103\u021bi<\/h2>\n<p>&#8211;<\/p>\n<h2>Instruc\u021biuni de utilizare<\/h2>\n<p>&#8211;<\/p>\n<h2>Compozi\u021bie<\/h2>\n<p>Aqua, alcool, polisorbat 20, glicerin\u0103, parfum.<\/p>\n<h2>Produse complementare<\/h2>\n<p>\u0218ampon de textur\u0103<\/p>\n<h2>Produse similare<\/h2>\n<p>&#8211;<\/p>\n<h2>Coduri EAN<\/h2>\n<ul>\n<li>200 mililitri: 54 250 1685 161 6<\/li>\n<li>1 litru: 54 250 1685 029 9<\/li>\n<li>5 litri: 54 250 1685 365 8<\/li>\n<\/ul>\n<h2>Referin\u021be<\/h2>\n<ul>\n<li>200 mililitri: 020214<\/li>\n<li>1 litru : 020219<\/li>\n<li>5 litri : 020220<\/li>\n<\/ul>\n","protected":false},"excerpt":{"rendered":"<p>Professional Top Finish este un spray special conceput pentru a da atingerea final\u0103. Ofer\u0103 un efect antistatic \u0219i confer\u0103 str\u0103lucire p\u0103rului.<\/p>\n","protected":false},"featured_media":11619,"template":"","meta":{"site-sidebar-layout":"default","site-content-layout":"default","ast-site-content-layout":"default","site-content-style":"default","site-sidebar-style":"default","ast-global-header-display":"","ast-banner-title-visibility":"","ast-main-header-display":"","ast-hfb-above-header-display":"","ast-hfb-below-header-display":"","ast-hfb-mobile-header-display":"","site-post-title":"","ast-breadcrumbs-content":"","ast-featured-img":"","footer-sml-layout":"","ast-disable-related-posts":"","theme-transparent-header-meta":"default","adv-header-id-meta":"","stick-header-meta":"default","header-above-stick-meta":"","header-main-stick-meta":"","header-below-stick-meta":"","astra-migrate-meta-layouts":"default","ast-page-background-enabled":"default","ast-page-background-meta":{"desktop":{"background-color":"var(--ast-global-color-4)","background-image":"","background-repeat":"repeat","background-position":"center center","background-size":"auto","background-attachment":"scroll","background-type":"","background-media":"","overlay-type":"","overlay-color":"","overlay-opacity":"","overlay-gradient":""},"tablet":{"background-color":"","background-image":"","background-repeat":"repeat","background-position":"center center","background-size":"auto","background-attachment":"scroll","background-type":"","background-media":"","overlay-type":"","overlay-color":"","overlay-opacity":"","overlay-gradient":""},"mobile":{"background-color":"","background-image":"","background-repeat":"repeat","background-position":"center center","background-size":"auto","background-attachment":"scroll","background-type":"","background-media":"","overlay-type":"","overlay-color":"","overlay-opacity":"","overlay-gradient":""}},"ast-content-background-meta":{"desktop":{"background-color":"var(--ast-global-color-5)","background-image":"","background-repeat":"repeat","background-position":"center center","background-size":"auto","background-attachment":"scroll","background-type":"","background-media":"","overlay-type":"","overlay-color":"","overlay-opacity":"","overlay-gradient":""},"tablet":{"background-color":"var(--ast-global-color-5)","background-image":"","background-repeat":"repeat","background-position":"center center","background-size":"auto","background-attachment":"scroll","background-type":"","background-media":"","overlay-type":"","overlay-color":"","overlay-opacity":"","overlay-gradient":""},"mobile":{"background-color":"var(--ast-global-color-5)","background-image":"","background-repeat":"repeat","background-position":"center center","background-size":"auto","background-attachment":"scroll","background-type":"","background-media":"","overlay-type":"","overlay-color":"","overlay-opacity":"","overlay-gradient":""}}},"product_brand":[],"product_cat":[749],"product_tag":[],"class_list":{"0":"post-11610","1":"product","2":"type-product","3":"status-publish","4":"has-post-thumbnail","6":"product_cat-classique-ro","7":"pa_animal-caine","8":"pa_proprietes-anti-statica","9":"pa_proprietes-lustrui","10":"pa_type-de-poils-par-lung","11":"desktop-align-left","12":"tablet-align-left","13":"mobile-align-left","14":"ast-product-gallery-layout-horizontal-slider","15":"ast-product-tabs-layout-horizontal","17":"first","18":"instock","19":"shipping-taxable","20":"product-type-simple"},"_links":{"self":[{"href":"https:\/\/www.laboratoire-diamex.com\/ro\/wp-json\/wp\/v2\/product\/11610","targetHints":{"allow":["GET"]}}],"collection":[{"href":"https:\/\/www.laboratoire-diamex.com\/ro\/wp-json\/wp\/v2\/product"}],"about":[{"href":"https:\/\/www.laboratoire-diamex.com\/ro\/wp-json\/wp\/v2\/types\/product"}],"version-history":[{"count":0,"href":"https:\/\/www.laboratoire-diamex.com\/ro\/wp-json\/wp\/v2\/product\/11610\/revisions"}],"wp:featuredmedia":[{"embeddable":true,"href":"https:\/\/www.laboratoire-diamex.com\/ro\/wp-json\/wp\/v2\/media\/11619"}],"wp:attachment":[{"href":"https:\/\/www.laboratoire-diamex.com\/ro\/wp-json\/wp\/v2\/media?parent=11610"}],"wp:term":[{"taxonomy":"product_brand","embeddable":true,"href":"https:\/\/www.laboratoire-diamex.com\/ro\/wp-json\/wp\/v2\/product_brand?post=11610"},{"taxonomy":"product_cat","embeddable":true,"href":"https:\/\/www.laboratoire-diamex.com\/ro\/wp-json\/wp\/v2\/product_cat?post=11610"},{"taxonomy":"product_tag","embeddable":true,"href":"https:\/\/www.laboratoire-diamex.com\/ro\/wp-json\/wp\/v2\/product_tag?post=11610"}],"curies":[{"name":"wp","href":"https:\/\/api.w.org\/{rel}","templated":true}]}}