{"id":11698,"date":"2023-07-11T13:00:13","date_gmt":"2023-07-11T11:00:13","guid":{"rendered":"https:\/\/www.laboratoire-diamex.com\/catalogue\/ingrijirea-parului-diamex-tahiti-dog-spray-splendid\/"},"modified":"2024-07-04T14:24:52","modified_gmt":"2024-07-04T12:24:52","slug":"ingrijirea-parului-diamex-tahiti-dog-spray-splendid","status":"publish","type":"product","link":"https:\/\/www.laboratoire-diamex.com\/ro\/catalog\/ingrijirea-parului-diamex-tahiti-dog-spray-splendid\/","title":{"rendered":"Spray Diamex TAHITI DOG Spray Splendid Monoi"},"content":{"rendered":"<h2>Descriere<\/h2>\n<p>Splendid spray din gama Tahiti Dog este un spray hr\u0103nitor care protejeaz\u0103 \u0219i revitalizeaz\u0103 blana \u0219i pielea c\u00e2inelui dumneavoastr\u0103. Acest produs de \u00eengrijire red\u0103 str\u0103lucirea \u0219i str\u0103lucirea bl\u0103nii, \u00eencuraj\u00e2nd \u00een acela\u0219i timp cre\u0219terea p\u0103rului \u0219i prevenind apari\u021bia maturilor \u0219i a p\u0103rului fragil. De asemenea, faciliteaz\u0103 descurcarea \u0219i poate fi folosit ca spray de finisare. Datorit\u0103 parfumului s\u0103u delicat de Monoi, blana c\u00e2inelui dvs. este infuzat\u0103 cu un miros care aminte\u0219te de cele mai frumoase plaje exotice, f\u0103r\u0103 a-l deranja.<\/p>\n<h2>Ambalare<\/h2>\n<p>400 de mililitri.<\/p>\n<h2>Instruc\u021biuni de utilizare<\/h2>\n<p>Se agit\u0103 \u00eenainte de utilizare \u0219i se pulverizeaz\u0103 uniform de la o distan\u021b\u0103 de 20 cm. Se las\u0103 timp de 2 minute. Un pieptene sau o perie va scoate \u00een eviden\u021b\u0103 toat\u0103 frumuse\u021bea bl\u0103nii.<\/p>\n<h2>Propriet\u0103\u021bi<\/h2>\n<p>&#8211;<\/p>\n<h2>Instruc\u021biuni de utilizare<\/h2>\n<p>&#8211;<\/p>\n<h2>Compozi\u021bie<\/h2>\n<p>Alcool denat, diclorometan, butan, propan, ester butilic al copolimerului pvm\/ma, ester etilic al copolimerului pvm\/ma, alcool n-butilic, parfum.<\/p>\n<h2>Cod EAN<\/h2>\n<p>400 mililitri: 54 250 1685 417 4<\/p>\n<h2>Referin\u021b\u0103<\/h2>\n<p>400 mililitri: 020263<\/p>\n","protected":false},"excerpt":{"rendered":"<p>Splendid spray din gama Tahiti Dog este un spray hr\u0103nitor care protejeaz\u0103 \u0219i revitalizeaz\u0103 blana \u0219i pielea c\u00e2inelui dumneavoastr\u0103.<\/p>\n","protected":false},"featured_media":11707,"template":"","meta":{"site-sidebar-layout":"default","site-content-layout":"default","ast-site-content-layout":"default","site-content-style":"default","site-sidebar-style":"default","ast-global-header-display":"","ast-banner-title-visibility":"","ast-main-header-display":"","ast-hfb-above-header-display":"","ast-hfb-below-header-display":"","ast-hfb-mobile-header-display":"","site-post-title":"","ast-breadcrumbs-content":"","ast-featured-img":"","footer-sml-layout":"","ast-disable-related-posts":"","theme-transparent-header-meta":"default","adv-header-id-meta":"","stick-header-meta":"default","header-above-stick-meta":"","header-main-stick-meta":"","header-below-stick-meta":"","astra-migrate-meta-layouts":"default","ast-page-background-enabled":"default","ast-page-background-meta":{"desktop":{"background-color":"var(--ast-global-color-4)","background-image":"","background-repeat":"repeat","background-position":"center center","background-size":"auto","background-attachment":"scroll","background-type":"","background-media":"","overlay-type":"","overlay-color":"","overlay-opacity":"","overlay-gradient":""},"tablet":{"background-color":"","background-image":"","background-repeat":"repeat","background-position":"center center","background-size":"auto","background-attachment":"scroll","background-type":"","background-media":"","overlay-type":"","overlay-color":"","overlay-opacity":"","overlay-gradient":""},"mobile":{"background-color":"","background-image":"","background-repeat":"repeat","background-position":"center center","background-size":"auto","background-attachment":"scroll","background-type":"","background-media":"","overlay-type":"","overlay-color":"","overlay-opacity":"","overlay-gradient":""}},"ast-content-background-meta":{"desktop":{"background-color":"var(--ast-global-color-5)","background-image":"","background-repeat":"repeat","background-position":"center center","background-size":"auto","background-attachment":"scroll","background-type":"","background-media":"","overlay-type":"","overlay-color":"","overlay-opacity":"","overlay-gradient":""},"tablet":{"background-color":"var(--ast-global-color-5)","background-image":"","background-repeat":"repeat","background-position":"center center","background-size":"auto","background-attachment":"scroll","background-type":"","background-media":"","overlay-type":"","overlay-color":"","overlay-opacity":"","overlay-gradient":""},"mobile":{"background-color":"var(--ast-global-color-5)","background-image":"","background-repeat":"repeat","background-position":"center center","background-size":"auto","background-attachment":"scroll","background-type":"","background-media":"","overlay-type":"","overlay-color":"","overlay-opacity":"","overlay-gradient":""}}},"product_brand":[],"product_cat":[797],"product_tag":[],"class_list":{"0":"post-11698","1":"product","2":"type-product","3":"status-publish","4":"has-post-thumbnail","6":"product_cat-tahiti-dog-ro","7":"pa_animal-caine","8":"pa_proprietes-detangler-ro","9":"pa_proprietes-hranire","10":"pa_proprietes-lustrui","11":"pa_proprietes-revitalizant","12":"pa_type-de-poils-par-lung","13":"pa_type-de-poils-par-scurt","14":"pa_type-de-poils-toate-tipurile","15":"desktop-align-left","16":"tablet-align-left","17":"mobile-align-left","18":"ast-product-gallery-layout-horizontal-slider","19":"ast-product-gallery-with-no-image","20":"ast-product-tabs-layout-horizontal","22":"first","23":"instock","24":"shipping-taxable","25":"product-type-simple"},"_links":{"self":[{"href":"https:\/\/www.laboratoire-diamex.com\/ro\/wp-json\/wp\/v2\/product\/11698","targetHints":{"allow":["GET"]}}],"collection":[{"href":"https:\/\/www.laboratoire-diamex.com\/ro\/wp-json\/wp\/v2\/product"}],"about":[{"href":"https:\/\/www.laboratoire-diamex.com\/ro\/wp-json\/wp\/v2\/types\/product"}],"version-history":[{"count":0,"href":"https:\/\/www.laboratoire-diamex.com\/ro\/wp-json\/wp\/v2\/product\/11698\/revisions"}],"wp:featuredmedia":[{"embeddable":true,"href":"https:\/\/www.laboratoire-diamex.com\/ro\/wp-json\/wp\/v2\/media\/11707"}],"wp:attachment":[{"href":"https:\/\/www.laboratoire-diamex.com\/ro\/wp-json\/wp\/v2\/media?parent=11698"}],"wp:term":[{"taxonomy":"product_brand","embeddable":true,"href":"https:\/\/www.laboratoire-diamex.com\/ro\/wp-json\/wp\/v2\/product_brand?post=11698"},{"taxonomy":"product_cat","embeddable":true,"href":"https:\/\/www.laboratoire-diamex.com\/ro\/wp-json\/wp\/v2\/product_cat?post=11698"},{"taxonomy":"product_tag","embeddable":true,"href":"https:\/\/www.laboratoire-diamex.com\/ro\/wp-json\/wp\/v2\/product_tag?post=11698"}],"curies":[{"name":"wp","href":"https:\/\/api.w.org\/{rel}","templated":true}]}}