{"id":13431,"date":"2024-05-30T08:48:13","date_gmt":"2024-05-30T06:48:13","guid":{"rendered":"https:\/\/www.laboratoire-diamex.com\/?post_type=product&#038;p=13431"},"modified":"2025-02-25T14:59:48","modified_gmt":"2025-02-25T13:59:48","slug":"diamex-pure-volumising-treatment-balm-copie","status":"publish","type":"product","link":"https:\/\/www.laboratoire-diamex.com\/ro\/catalog\/diamex-pure-volumising-treatment-balm-copie\/","title":{"rendered":"Lo\u021biunea Diamex PURE Cre\u0219tere &amp; Putere"},"content":{"rendered":"<h2>Descriere<\/h2>\n<p>  Lo\u021biunea Diamex <strong>FORCE &amp; GROWTH<\/strong> din gama <strong>PURE<\/strong> este o lo\u021biune revolu\u021bionar\u0103 care stimuleaz\u0103 cre\u0219terea p\u0103rului, acoper\u0103 p\u0103rul \u0219i \u00eel face str\u0103lucitor, \u00eent\u0103re\u0219te \u0219i fortific\u0103 fibra capilar\u0103 \u0219i hidrateaz\u0103 profund p\u0103rul \u0219i pielea. Produs f\u0103r\u0103 cl\u0103tire care nu unge p\u0103rul. <strong>Acidul lactic <\/strong> are o serie de beneficii pentru p\u0103r \u0219i piele. Fiind un exfoliant delicat, ajut\u0103 la \u00eendep\u0103rtarea celulelor moarte ale pielii. Aceast\u0103 ac\u021biune exfoliant\u0103 permite, de asemenea, foliculilor de p\u0103r s\u0103 respire mai bine, ceea ce stimuleaz\u0103 cre\u0219terea p\u0103rului. Datorit\u0103 propriet\u0103\u021bilor sale hidratante, acidul lactic men\u021bine p\u0103rul \u0219i pielea hidratate, l\u0103s\u00e2nd blana moale \u0219i str\u0103lucitoare. \u00cen cele din urm\u0103, echilibreaz\u0103 nivelul pH-ului pielii \u0219i contribuie la o mai bun\u0103 s\u0103n\u0103tate a p\u0103rului \u0219i a pielii. <strong>Acidul hialuronic <\/strong> este un hidratant puternic care aduce beneficii p\u0103rului \u0219i pielii. Acesta re\u021bine umiditatea \u00een piele, \u00eembun\u0103t\u0103\u021be\u0219te elasticitatea \u0219i \u00eencurajeaz\u0103 produc\u021bia de colagen. De asemenea, previne usc\u0103ciunea \u0219i iritarea. Datorit\u0103 numeroaselor sale beneficii, acidul hialuronic hidrateaz\u0103 \u00een profunzime, repar\u0103 \u0219i \u00eent\u0103re\u0219te p\u0103rul, f\u0103c\u00e2ndu-l suplu, str\u0103lucitor, moale \u0219i m\u0103t\u0103sos. <strong>Uleiul de ricin <\/strong> este renumit pentru numeroasele sale beneficii pentru p\u0103r \u0219i piele. Bogat \u00een acizi gra\u0219i esen\u021biali, hidrateaz\u0103 pielea \u00een profunzime. Hr\u0103ne\u0219te foliculii de p\u0103r, \u00eencuraj\u00e2nd cre\u0219terea p\u0103rului, \u00een timp ce \u00eel \u00eent\u0103re\u0219te, ajut\u00e2nd la prevenirea ruperii \u0219i a v\u00e2rfurilor despicate. Adaug\u0103 str\u0103lucire \u0219i moliciune bl\u0103nii. <strong>Keratina vegetal\u0103<\/strong>, bogat\u0103 \u00een aminoacizi, \u00eent\u0103re\u0219te fibra capilar\u0103, reduc\u00e2nd v\u00e2rfurile despicate. \u00cembun\u0103t\u0103\u021be\u0219te textura p\u0103rului, f\u0103c\u00e2ndu-l mai neted, mai str\u0103lucitor \u0219i mai u\u0219or de coafat. Keratina men\u021bine, de asemenea, hidratarea, elasticitatea \u0219i fermitatea pielii, f\u0103c\u00e2nd-o mai rezistent\u0103 la agresiunile externe. Prin repararea \u0219i protejarea barierei cutanate, promoveaz\u0103 o piele mai s\u0103n\u0103toas\u0103.  <strong>Formulat f\u0103r\u0103 alcool, silicon sau coloran\u021bi.<\/strong><\/p>\n<h2>Instruc\u021biuni de utilizare<\/h2>\n<p>  Pulveriza\u021bi produsul de la r\u0103d\u0103cini la v\u00e2rfuri pe toat\u0103 blana sau pe zonele care trebuie stimulate. Se maseaz\u0103 pentru a stimula penetrarea ingredientelor active. Se perie dac\u0103 este necesar. Evita\u021bi contactul cu ochii.  <\/p>\n<h2>Propriet\u0103\u021bi<\/h2>\n<p><strong>Accelereaz\u0103 cre\u0219terea:<\/strong> con\u021bine agen\u021bi activi care stimuleaz\u0103 foliculii de p\u0103r, acceler\u00e2nd semnificativ cre\u0219terea p\u0103rului.  <strong>\u00cent\u0103re\u0219te:<\/strong> con\u021bine ingrediente active puternice care \u00eent\u0103resc structura p\u0103rului \u0219i \u00eel fac mai pu\u021bin fragil.  <strong>Hidrateaz\u0103:<\/strong> asigur\u0103 o hidratare eficient\u0103, de lung\u0103 durat\u0103, pentru p\u0103r \u0219i piele.  <strong>Adaug\u0103 str\u0103lucire:<\/strong> adaug\u0103 str\u0103lucire hainei.  <\/p>\n<h2>Instruc\u021biuni de utilizare<\/h2>\n<p>  Lo\u021biunea  <strong>PUTERE \u0218I CRE\u0218TERE<\/strong><strong> <\/strong>din gama PURE este un produs premium special conceput pentru c\u00e2inii de expozi\u021bie a c\u0103ror blan\u0103 necesit\u0103 o aten\u021bie deosebit\u0103. Acesta optimizeaz\u0103 timpul de acoperire \u00eentre competi\u021bii, \u00eembun\u0103t\u0103\u021bind \u00een acela\u0219i timp calitatea.  <\/p>\n<h2>Ambalare<\/h2>\n<p>  300 mililitri.  <\/p>\n<h2>Compozi\u021bie<\/h2>\n<p>  AP\u0102 OSMOTIC\u0102, PROTEINE DE GR\u00c2U HIDROLIZATE, ULEI DE RICIN (RICIN), ACID LACTIC, PARFUM, BENZOAT DE SODIU.  <\/p>\n<h2>Cod EAN<\/h2>\n<p>  300 mililitri: 54 250 1685 693 2  <\/p>\n<h2>Referin\u021b\u0103<\/h2>\n<p>  300 mililitri : 5301720<\/p>\n","protected":false},"excerpt":{"rendered":"<p>Lo\u021biune care \u00eent\u0103re\u0219te structura p\u0103rului \u0219i accelereaz\u0103 cre\u0219terea.  &nbsp;<\/p>\n","protected":false},"featured_media":13444,"template":"","meta":{"site-sidebar-layout":"default","site-content-layout":"default","ast-site-content-layout":"default","site-content-style":"default","site-sidebar-style":"default","ast-global-header-display":"","ast-banner-title-visibility":"","ast-main-header-display":"","ast-hfb-above-header-display":"","ast-hfb-below-header-display":"","ast-hfb-mobile-header-display":"","site-post-title":"","ast-breadcrumbs-content":"","ast-featured-img":"","footer-sml-layout":"","ast-disable-related-posts":"","theme-transparent-header-meta":"default","adv-header-id-meta":"","stick-header-meta":"default","header-above-stick-meta":"","header-main-stick-meta":"","header-below-stick-meta":"","astra-migrate-meta-layouts":"set","ast-page-background-enabled":"default","ast-page-background-meta":{"desktop":{"background-color":"var(--ast-global-color-4)","background-image":"","background-repeat":"repeat","background-position":"center center","background-size":"auto","background-attachment":"scroll","background-type":"","background-media":"","overlay-type":"","overlay-color":"","overlay-opacity":"","overlay-gradient":""},"tablet":{"background-color":"","background-image":"","background-repeat":"repeat","background-position":"center center","background-size":"auto","background-attachment":"scroll","background-type":"","background-media":"","overlay-type":"","overlay-color":"","overlay-opacity":"","overlay-gradient":""},"mobile":{"background-color":"","background-image":"","background-repeat":"repeat","background-position":"center center","background-size":"auto","background-attachment":"scroll","background-type":"","background-media":"","overlay-type":"","overlay-color":"","overlay-opacity":"","overlay-gradient":""}},"ast-content-background-meta":{"desktop":{"background-color":"var(--ast-global-color-5)","background-image":"","background-repeat":"repeat","background-position":"center center","background-size":"auto","background-attachment":"scroll","background-type":"","background-media":"","overlay-type":"","overlay-color":"","overlay-opacity":"","overlay-gradient":""},"tablet":{"background-color":"var(--ast-global-color-5)","background-image":"","background-repeat":"repeat","background-position":"center center","background-size":"auto","background-attachment":"scroll","background-type":"","background-media":"","overlay-type":"","overlay-color":"","overlay-opacity":"","overlay-gradient":""},"mobile":{"background-color":"var(--ast-global-color-5)","background-image":"","background-repeat":"repeat","background-position":"center center","background-size":"auto","background-attachment":"scroll","background-type":"","background-media":"","overlay-type":"","overlay-color":"","overlay-opacity":"","overlay-gradient":""}}},"product_brand":[],"product_cat":[790],"product_tag":[],"class_list":{"0":"post-13431","1":"product","2":"type-product","3":"status-publish","4":"has-post-thumbnail","6":"product_cat-pure-ro","7":"pa_animal-caine","8":"pa_proprietes-fortificarea","9":"pa_proprietes-hidratant","10":"pa_proprietes-prevenirea-caderii-parului","11":"pa_proprietes-reparator","12":"pa_type-de-poils-par-lung","13":"desktop-align-left","14":"tablet-align-left","15":"mobile-align-left","16":"ast-product-gallery-layout-horizontal-slider","17":"ast-product-gallery-with-no-image","18":"ast-product-tabs-layout-horizontal","20":"first","21":"instock","22":"shipping-taxable","23":"product-type-simple"},"_links":{"self":[{"href":"https:\/\/www.laboratoire-diamex.com\/ro\/wp-json\/wp\/v2\/product\/13431","targetHints":{"allow":["GET"]}}],"collection":[{"href":"https:\/\/www.laboratoire-diamex.com\/ro\/wp-json\/wp\/v2\/product"}],"about":[{"href":"https:\/\/www.laboratoire-diamex.com\/ro\/wp-json\/wp\/v2\/types\/product"}],"version-history":[{"count":0,"href":"https:\/\/www.laboratoire-diamex.com\/ro\/wp-json\/wp\/v2\/product\/13431\/revisions"}],"wp:featuredmedia":[{"embeddable":true,"href":"https:\/\/www.laboratoire-diamex.com\/ro\/wp-json\/wp\/v2\/media\/13444"}],"wp:attachment":[{"href":"https:\/\/www.laboratoire-diamex.com\/ro\/wp-json\/wp\/v2\/media?parent=13431"}],"wp:term":[{"taxonomy":"product_brand","embeddable":true,"href":"https:\/\/www.laboratoire-diamex.com\/ro\/wp-json\/wp\/v2\/product_brand?post=13431"},{"taxonomy":"product_cat","embeddable":true,"href":"https:\/\/www.laboratoire-diamex.com\/ro\/wp-json\/wp\/v2\/product_cat?post=13431"},{"taxonomy":"product_tag","embeddable":true,"href":"https:\/\/www.laboratoire-diamex.com\/ro\/wp-json\/wp\/v2\/product_tag?post=13431"}],"curies":[{"name":"wp","href":"https:\/\/api.w.org\/{rel}","templated":true}]}}