{"id":13467,"date":"2024-05-30T10:18:13","date_gmt":"2024-05-30T08:18:13","guid":{"rendered":"https:\/\/www.laboratoire-diamex.com\/?post_type=product&#038;p=13467"},"modified":"2024-07-04T12:32:18","modified_gmt":"2024-07-04T10:32:18","slug":"diamex-pure-volumising-treatment-balm-copie-copie","status":"publish","type":"product","link":"https:\/\/www.laboratoire-diamex.com\/ro\/catalog\/diamex-pure-volumising-treatment-balm-copie-copie\/","title":{"rendered":"\u0218ampon uscat Diamex PURE Sp\u0103lare Uscat\u0103 &amp; Volum"},"content":{"rendered":"<h2>Descriere<\/h2>\n<p><strong>SP\u0102LARE USCAT\u0102 &amp; VOLUM<\/strong> este un produs dou\u0103 \u00een unu care cur\u0103\u021b\u0103 blana f\u0103r\u0103 a o uda \u0219i condi\u021bioneaz\u0103 p\u0103rul \u00eenainte de t\u0103iere, ad\u0103ug\u00e2nd \u00een acela\u0219i timp volum. Dar nu este ca alte produse &#8211; a fost special formulat pentru a fi <strong>INVIZIBIL<\/strong>! Nu las\u0103 niciun reziduu vizibil pe blan\u0103, garant\u00e2nd o blan\u0103 impecabil\u0103, chiar \u0219i pentru c\u00e2inii cu blan\u0103 \u00eenchis\u0103 la culoare. Prin absorb\u021bia excesului de sebum, red\u0103 instantaneu luminozitatea \u0219i volumul p\u0103rului, cre\u00e2nd un aspect mai dens \u0219i mai \u00eengrijit.<\/p>\n<p><strong>Formulat f\u0103r\u0103 silicon sau coloran\u021bi.<\/strong><\/p>\n<h2>Ambalare<\/h2>\n<p>300 de mililitri.<\/p>\n<h2>Instruc\u021biuni de utilizare<\/h2>\n<p><strong>Cur\u0103\u021bare:<\/strong> pulveriza\u021bi produsul de la o distan\u021b\u0103 de 20 de centimetri, evit\u00e2nd contactul cu ochii. L\u0103sa\u021bi s\u0103 ac\u021bioneze timp de aproximativ 30 de secunde, apoi freca\u021bi cu o c\u00e2rp\u0103 curat\u0103.<br \/>\n<strong>Condi\u021bionare: <\/strong> pulveriza\u021bi produsul de la o distan\u021b\u0103 de 20 de centimetri, evit\u00e2nd contactul cu ochii. Se freac\u0103 direct cu o c\u00e2rp\u0103 curat\u0103.<\/p>\n<h2>Propriet\u0103\u021bi<\/h2>\n<p><strong>Absoarbe<\/strong>: re\u021bine impurit\u0103\u021bile \u0219i absoarbe excesul de sebum, apoi faciliteaz\u0103 \u00eendep\u0103rtarea acestora la periaj.<br \/>\nCur\u0103\u021b\u0103<strong>:<\/strong> \u00eendep\u0103rteaz\u0103 impurit\u0103\u021bile, particulele de murd\u0103rie \u0219i mirosurile \u0219i \u00eemprosp\u0103teaz\u0103 blana \u00eentre dou\u0103 toalete sau atunci c\u00e2nd nu este posibil s\u0103 se fac\u0103 baie.<br \/>\nAdaug\u0103 <strong>volum<\/strong>: umfl\u0103 fibra capilar\u0103 \u0219i \u00eembun\u0103t\u0103\u021be\u0219te textura p\u0103rului, conferindu-i un volum instantaneu.<br \/>\n<strong>Faciliteaz\u0103<\/strong> periajul: faciliteaz\u0103 periajul \u0219i t\u0103ierea prin asigurarea unei aderen\u021be mai bune, pentru t\u0103ieturi de lung\u0103 durat\u0103 \u0219i elegante.<\/p>\n<h2>Instruc\u021biuni de utilizare<\/h2>\n<p><strong>SP\u0102LARE USCAT\u0102 &amp; VOLUM <\/strong><strong> <\/strong>din gama PURE este un produs premium special conceput pentru c\u00e2inii de expozi\u021bie a c\u0103ror blan\u0103 necesit\u0103 o aten\u021bie deosebit\u0103. Nu numai c\u0103 spal\u0103 rapid blana c\u00e2inelui, dar adaug\u0103 \u0219i volum la blan\u0103 \u00een timpul competi\u021biei, f\u0103r\u0103 a l\u0103sa urme.<\/p>\n<h2>Compozi\u021bie<\/h2>\n<p>&#8211;<\/p>\n<h2>Cod EAN<\/h2>\n<p>300 mililitri: 54 250 1685 687 1<\/p>\n<h2>Referin\u021b\u0103<\/h2>\n<p>300 mililitri: 5301640<\/p>\n","protected":false},"excerpt":{"rendered":"<p><strong>SP\u0102LARE USCAT\u0102 &amp; VOLUM<\/strong> este un produs <strong> INVIZIBIL<\/strong> dou\u0103 \u00een unu care cur\u0103\u021b\u0103 blana f\u0103r\u0103 a o uda \u0219i condi\u021bioneaz\u0103 p\u0103rul \u00eenainte de t\u0103iere, ad\u0103ug\u00e2nd \u00een acela\u0219i timp volum.<\/p>\n<p><strong>Formulat f\u0103r\u0103 silicon sau coloran\u021bi.<\/strong><\/p>\n<p>&nbsp;<\/p>\n","protected":false},"featured_media":13454,"template":"","meta":{"site-sidebar-layout":"default","site-content-layout":"default","ast-site-content-layout":"default","site-content-style":"default","site-sidebar-style":"default","ast-global-header-display":"","ast-banner-title-visibility":"","ast-main-header-display":"","ast-hfb-above-header-display":"","ast-hfb-below-header-display":"","ast-hfb-mobile-header-display":"","site-post-title":"","ast-breadcrumbs-content":"","ast-featured-img":"","footer-sml-layout":"","ast-disable-related-posts":"","theme-transparent-header-meta":"default","adv-header-id-meta":"","stick-header-meta":"default","header-above-stick-meta":"","header-main-stick-meta":"","header-below-stick-meta":"","astra-migrate-meta-layouts":"set","ast-page-background-enabled":"default","ast-page-background-meta":{"desktop":{"background-color":"var(--ast-global-color-4)","background-image":"","background-repeat":"repeat","background-position":"center center","background-size":"auto","background-attachment":"scroll","background-type":"","background-media":"","overlay-type":"","overlay-color":"","overlay-opacity":"","overlay-gradient":""},"tablet":{"background-color":"","background-image":"","background-repeat":"repeat","background-position":"center center","background-size":"auto","background-attachment":"scroll","background-type":"","background-media":"","overlay-type":"","overlay-color":"","overlay-opacity":"","overlay-gradient":""},"mobile":{"background-color":"","background-image":"","background-repeat":"repeat","background-position":"center center","background-size":"auto","background-attachment":"scroll","background-type":"","background-media":"","overlay-type":"","overlay-color":"","overlay-opacity":"","overlay-gradient":""}},"ast-content-background-meta":{"desktop":{"background-color":"var(--ast-global-color-5)","background-image":"","background-repeat":"repeat","background-position":"center center","background-size":"auto","background-attachment":"scroll","background-type":"","background-media":"","overlay-type":"","overlay-color":"","overlay-opacity":"","overlay-gradient":""},"tablet":{"background-color":"var(--ast-global-color-5)","background-image":"","background-repeat":"repeat","background-position":"center center","background-size":"auto","background-attachment":"scroll","background-type":"","background-media":"","overlay-type":"","overlay-color":"","overlay-opacity":"","overlay-gradient":""},"mobile":{"background-color":"var(--ast-global-color-5)","background-image":"","background-repeat":"repeat","background-position":"center center","background-size":"auto","background-attachment":"scroll","background-type":"","background-media":"","overlay-type":"","overlay-color":"","overlay-opacity":"","overlay-gradient":""}}},"product_brand":[],"product_cat":[790],"product_tag":[],"class_list":{"0":"post-13467","1":"product","2":"type-product","3":"status-publish","4":"has-post-thumbnail","6":"product_cat-pure-ro","7":"pa_animal-caine","8":"pa_proprietes-curatator","9":"pa_proprietes-volumizarea","10":"pa_type-de-poils-par-lung","11":"pa_type-de-poils-toate-tipurile","12":"desktop-align-left","13":"tablet-align-left","14":"mobile-align-left","15":"ast-product-gallery-layout-horizontal-slider","16":"ast-product-gallery-with-no-image","17":"ast-product-tabs-layout-horizontal","19":"first","20":"instock","21":"shipping-taxable","22":"product-type-simple"},"_links":{"self":[{"href":"https:\/\/www.laboratoire-diamex.com\/ro\/wp-json\/wp\/v2\/product\/13467","targetHints":{"allow":["GET"]}}],"collection":[{"href":"https:\/\/www.laboratoire-diamex.com\/ro\/wp-json\/wp\/v2\/product"}],"about":[{"href":"https:\/\/www.laboratoire-diamex.com\/ro\/wp-json\/wp\/v2\/types\/product"}],"version-history":[{"count":0,"href":"https:\/\/www.laboratoire-diamex.com\/ro\/wp-json\/wp\/v2\/product\/13467\/revisions"}],"wp:featuredmedia":[{"embeddable":true,"href":"https:\/\/www.laboratoire-diamex.com\/ro\/wp-json\/wp\/v2\/media\/13454"}],"wp:attachment":[{"href":"https:\/\/www.laboratoire-diamex.com\/ro\/wp-json\/wp\/v2\/media?parent=13467"}],"wp:term":[{"taxonomy":"product_brand","embeddable":true,"href":"https:\/\/www.laboratoire-diamex.com\/ro\/wp-json\/wp\/v2\/product_brand?post=13467"},{"taxonomy":"product_cat","embeddable":true,"href":"https:\/\/www.laboratoire-diamex.com\/ro\/wp-json\/wp\/v2\/product_cat?post=13467"},{"taxonomy":"product_tag","embeddable":true,"href":"https:\/\/www.laboratoire-diamex.com\/ro\/wp-json\/wp\/v2\/product_tag?post=13467"}],"curies":[{"name":"wp","href":"https:\/\/api.w.org\/{rel}","templated":true}]}}