{"id":22585,"date":"2025-04-30T10:06:54","date_gmt":"2025-04-30T08:06:54","guid":{"rendered":"https:\/\/www.laboratoire-diamex.com\/?post_type=product&#038;p=22585"},"modified":"2025-04-30T11:29:56","modified_gmt":"2025-04-30T09:29:56","slug":"spuma-diamex-pure-netezitoare-structurare-copie","status":"publish","type":"product","link":"https:\/\/www.laboratoire-diamex.com\/ro\/catalog\/spuma-diamex-pure-netezitoare-structurare-copie\/","title":{"rendered":"Pudr\u0103 pentru textur\u0103 \u0219i volum Diamex PURE"},"content":{"rendered":"<h2>Descriere<\/h2>\n<p>Pudr\u0103 ultrafin\u0103 Diamex <strong>TEXTURE &amp; VOLUME<\/strong> din gama <strong>PURE<\/strong>,    <span class=\"OYPEnA font-feature-liga-off font-feature-clig-off font-feature-calt-off text-decoration-none text-strikethrough-none\">este un produs multifunc\u021bional conceput pentru a \u00eembun\u0103t\u0103\u021bi haina. Ideal pentru a da volum \u0219i fixare p\u0103rului, oferind \u00een acela\u0219i timp un finisaj natural. Perfect pentru bl\u0103nurile dure, \u00eembun\u0103t\u0103\u021be\u0219te aderen\u021ba \u0219i face \u00eendep\u0103rtarea p\u0103rului mai u\u0219oar\u0103. Potrivit pentru c\u00e2ini \u0219i pisici cu p\u0103r lung sau scurt, f\u0103r\u0103 s\u0103 \u00eengreuneze sau s\u0103 lipeasc\u0103. Nu las\u0103 reziduuri vizibile \u0219i respect\u0103 natura p\u0103rului \u0219i a pielii.    <\/span><\/p>\n<h2>Instruc\u021biuni de utilizare<\/h2>\n<p class=\"cvGsUA direction-ltr align-start para-style-body\"><em><strong><span class=\"OYPEnA font-feature-liga-off font-feature-clig-off font-feature-calt-off text-decoration-none text-strikethrough-none\">\u021aine\u021bi ap\u0103sat \u0219i volumul :<\/span><\/strong><\/em> <span class=\"OYPEnA font-feature-liga-off font-feature-clig-off font-feature-calt-off text-decoration-none text-strikethrough-none\">Pres\u0103ra\u021bi la r\u0103d\u0103cini, concentr\u00e2ndu-v\u0103 pe zonele \u00een care dori\u021bi s\u0103 ad\u0103uga\u021bi volum \u0219i sus\u021binere (perciuni, nodul de sus, etc.). Pieptene\u021bi u\u0219or pentru a uniformiza \u0219i structura forma. <\/span><\/p>\n<p class=\"cvGsUA direction-ltr align-start para-style-body\"><em><strong><span class=\"OYPEnA font-feature-liga-off font-feature-clig-off font-feature-calt-off text-decoration-none text-strikethrough-none\">\u00cendep\u0103rtarea p\u0103rului<\/span><span class=\"OYPEnA font-feature-liga-off font-feature-clig-off font-feature-calt-off text-decoration-none text-strikethrough-none\"> :<\/span><\/strong><\/em> <span class=\"OYPEnA font-feature-liga-off font-feature-clig-off font-feature-calt-off text-decoration-none text-strikethrough-none\">se presar\u0103 peste p\u0103rul care urmeaz\u0103 s\u0103 fie \u00eendep\u0103rtat. Continua\u021bi cu \u00eendep\u0103rtarea p\u0103rului. Pres\u0103ra\u021bi peste lungimile neepilate \u0219i piept\u0103na\u021bi u\u0219or pentru a da p\u0103rului mai mult\u0103 fixare \u0219i structur\u0103.  <\/span><\/p>\n<h2>Ambalare<\/h2>\n<p>30 de grame<\/p>\n<h2>Cod EAN<\/h2>\n<p>30 de grame :  <span class=\"OYPEnA font-feature-liga-off font-feature-clig-off font-feature-calt-off text-decoration-none text-strikethrough-none\">54 250 1685 812 7<\/span><\/p>\n<h2>Referin\u021b\u0103<\/h2>\n<p>30 de grame :  <span class=\"OYPEnA font-feature-liga-off font-feature-clig-off font-feature-calt-off text-decoration-none text-strikethrough-none\">020330<\/span><\/p>\n","protected":false},"excerpt":{"rendered":"<p><span class=\"OYPEnA font-feature-liga-off font-feature-clig-off font-feature-calt-off text-decoration-none text-strikethrough-none\">Ofer\u0103 suport pentru blan\u0103 \u0219i faciliteaz\u0103 \u00eendep\u0103rtarea p\u0103rului tare.<\/span><\/p>\n<p>&nbsp;<\/p>\n","protected":false},"featured_media":22669,"template":"","meta":{"site-sidebar-layout":"default","site-content-layout":"default","ast-site-content-layout":"default","site-content-style":"default","site-sidebar-style":"default","ast-global-header-display":"","ast-banner-title-visibility":"","ast-main-header-display":"","ast-hfb-above-header-display":"","ast-hfb-below-header-display":"","ast-hfb-mobile-header-display":"","site-post-title":"","ast-breadcrumbs-content":"","ast-featured-img":"","footer-sml-layout":"","ast-disable-related-posts":"","theme-transparent-header-meta":"default","adv-header-id-meta":"","stick-header-meta":"default","header-above-stick-meta":"","header-main-stick-meta":"","header-below-stick-meta":"","astra-migrate-meta-layouts":"set","ast-page-background-enabled":"default","ast-page-background-meta":{"desktop":{"background-color":"var(--ast-global-color-4)","background-image":"","background-repeat":"repeat","background-position":"center center","background-size":"auto","background-attachment":"scroll","background-type":"","background-media":"","overlay-type":"","overlay-color":"","overlay-opacity":"","overlay-gradient":""},"tablet":{"background-color":"","background-image":"","background-repeat":"repeat","background-position":"center center","background-size":"auto","background-attachment":"scroll","background-type":"","background-media":"","overlay-type":"","overlay-color":"","overlay-opacity":"","overlay-gradient":""},"mobile":{"background-color":"","background-image":"","background-repeat":"repeat","background-position":"center center","background-size":"auto","background-attachment":"scroll","background-type":"","background-media":"","overlay-type":"","overlay-color":"","overlay-opacity":"","overlay-gradient":""}},"ast-content-background-meta":{"desktop":{"background-color":"var(--ast-global-color-5)","background-image":"","background-repeat":"repeat","background-position":"center center","background-size":"auto","background-attachment":"scroll","background-type":"","background-media":"","overlay-type":"","overlay-color":"","overlay-opacity":"","overlay-gradient":""},"tablet":{"background-color":"var(--ast-global-color-5)","background-image":"","background-repeat":"repeat","background-position":"center center","background-size":"auto","background-attachment":"scroll","background-type":"","background-media":"","overlay-type":"","overlay-color":"","overlay-opacity":"","overlay-gradient":""},"mobile":{"background-color":"var(--ast-global-color-5)","background-image":"","background-repeat":"repeat","background-position":"center center","background-size":"auto","background-attachment":"scroll","background-type":"","background-media":"","overlay-type":"","overlay-color":"","overlay-opacity":"","overlay-gradient":""}}},"product_brand":[],"product_cat":[790],"product_tag":[],"class_list":{"0":"post-22585","1":"product","2":"type-product","3":"status-publish","4":"has-post-thumbnail","6":"product_cat-pure-ro","7":"pa_animal-caine","8":"pa_animal-pisica","9":"pa_proprietes-volumizarea","10":"pa_type-de-poils-par-aspru","11":"desktop-align-left","12":"tablet-align-left","13":"mobile-align-left","14":"ast-product-gallery-layout-horizontal-slider","15":"ast-product-gallery-with-no-image","16":"ast-product-tabs-layout-horizontal","18":"first","19":"instock","20":"shipping-taxable","21":"product-type-simple"},"_links":{"self":[{"href":"https:\/\/www.laboratoire-diamex.com\/ro\/wp-json\/wp\/v2\/product\/22585","targetHints":{"allow":["GET"]}}],"collection":[{"href":"https:\/\/www.laboratoire-diamex.com\/ro\/wp-json\/wp\/v2\/product"}],"about":[{"href":"https:\/\/www.laboratoire-diamex.com\/ro\/wp-json\/wp\/v2\/types\/product"}],"version-history":[{"count":0,"href":"https:\/\/www.laboratoire-diamex.com\/ro\/wp-json\/wp\/v2\/product\/22585\/revisions"}],"wp:featuredmedia":[{"embeddable":true,"href":"https:\/\/www.laboratoire-diamex.com\/ro\/wp-json\/wp\/v2\/media\/22669"}],"wp:attachment":[{"href":"https:\/\/www.laboratoire-diamex.com\/ro\/wp-json\/wp\/v2\/media?parent=22585"}],"wp:term":[{"taxonomy":"product_brand","embeddable":true,"href":"https:\/\/www.laboratoire-diamex.com\/ro\/wp-json\/wp\/v2\/product_brand?post=22585"},{"taxonomy":"product_cat","embeddable":true,"href":"https:\/\/www.laboratoire-diamex.com\/ro\/wp-json\/wp\/v2\/product_cat?post=22585"},{"taxonomy":"product_tag","embeddable":true,"href":"https:\/\/www.laboratoire-diamex.com\/ro\/wp-json\/wp\/v2\/product_tag?post=22585"}],"curies":[{"name":"wp","href":"https:\/\/api.w.org\/{rel}","templated":true}]}}