{"id":22746,"date":"2025-04-30T11:25:41","date_gmt":"2025-04-30T09:25:41","guid":{"rendered":"https:\/\/www.laboratoire-diamex.com\/catalogue\/lotiune-de-descurcare-si-protectie-diamex-pure\/"},"modified":"2025-04-30T11:25:41","modified_gmt":"2025-04-30T09:25:41","slug":"lotiune-de-descurcare-si-protectie-diamex-pure","status":"publish","type":"product","link":"https:\/\/www.laboratoire-diamex.com\/ro\/catalog\/lotiune-de-descurcare-si-protectie-diamex-pure\/","title":{"rendered":"Lo\u021biune de descurcare \u0219i protec\u021bie Diamex PURE"},"content":{"rendered":"<h2>Descriere<\/h2>\n<p><span class=\"OYPEnA font-feature-liga-off font-feature-clig-off font-feature-calt-off text-decoration-none text-strikethrough-none\">Spray-ul Diamex <b>DE-MOISTURISING &amp; PROTECTIVE <\/b>din gama <strong>PURE<\/strong> este un produs de \u00eenalt\u0103 performan\u021b\u0103 care combin\u0103 eficacitatea \u0219i protec\u021bia. Conceput pentru a facilita periajul, men\u021bine blana u\u0219oar\u0103 \u0219i creeaz\u0103 o barier\u0103 de protec\u021bie \u00eempotriva agresiunilor externe (c\u0103ldur\u0103, raze UV, poluare etc.). Datorit\u0103 formulei sale non-grase, blana este m\u0103t\u0103soas\u0103, str\u0103lucitoare \u0219i moale. Ideal pentru \u00eembun\u0103t\u0103\u021birea bl\u0103nii \u0219i perfec\u021bionarea tunsorii.   <\/span><\/p>\n<p><strong>Formulat f\u0103r\u0103 alcool sau coloran\u021bi.  <\/strong><\/p>\n<h2>Instruc\u021biuni de utilizare<\/h2>\n<p class=\"cvGsUA direction-ltr align-start para-style-body\"><em><strong><span class=\"OYPEnA font-feature-liga-off font-feature-clig-off font-feature-calt-off text-decoration-none text-strikethrough-none\">\u00cenainte de \u00eemb\u0103iere:<\/span><\/strong><\/em><span class=\"OYPEnA font-feature-liga-off font-feature-clig-off font-feature-calt-off text-decoration-none text-strikethrough-none\"> pulveriza\u021bi cu generozitate pe blana uscat\u0103, apoi peria\u021bi.<br \/>\n<\/span><em><strong><span class=\"OYPEnA font-feature-liga-off font-feature-clig-off font-feature-calt-off text-decoration-none text-strikethrough-none\">Dup\u0103 baie:<\/span><\/strong><\/em><span class=\"OYPEnA font-feature-liga-off font-feature-clig-off font-feature-calt-off text-decoration-none text-strikethrough-none\">  stoarce\u021bi p\u0103rul f\u0103r\u0103 s\u0103-l freca\u021bi. Tampona\u021bi u\u0219or. Pulveriza\u021bi peste hain\u0103. Usca\u021bi haina.   <\/span><\/p>\n<p><em><strong><span class=\"OYPEnA font-feature-liga-off font-feature-clig-off font-feature-calt-off text-decoration-none text-strikethrough-none\">Sfaturi :  <\/span><\/strong><\/em><span class=\"OYPEnA font-feature-liga-off font-feature-clig-off font-feature-calt-off text-decoration-none text-strikethrough-none\">Acest produs con\u021bine silicon, garant\u00e2nd un finisaj perfect. Cu toate acestea, siliconul nu p\u0103trunde \u00een fibra capilar\u0103. Pentru a v\u0103 asigura c\u0103 p\u0103rul dvs. este hidratat corespunz\u0103tor, v\u0103 recomand\u0103m s\u0103 \u00eencorpora\u021bi \u00een rutina dvs. produse de \u00eengrijire hr\u0103nitoare, cum ar fi balsamul sau balsamurile PURE.  <\/span><\/p>\n<h2>Ambalare<\/h2>\n<p>300 mililitri<\/p>\n<h2>Cod EAN<\/h2>\n<p>300 mililitri :  <span class=\"OYPEnA font-feature-liga-off font-feature-clig-off font-feature-calt-off text-decoration-none text-strikethrough-none\">54 250 1685 815 8<\/span><\/p>\n<h2>Referin\u021b\u0103<\/h2>\n<p>300 mililitri :  <span class=\"OYPEnA font-feature-liga-off font-feature-clig-off font-feature-calt-off text-decoration-none text-strikethrough-none\">020334<\/span><\/p>\n","protected":false},"excerpt":{"rendered":"<p>Descurc\u0103 delicat, ofer\u0103 protec\u021bie de durat\u0103 \u0219i dezv\u0103luie \u00eentreaga frumuse\u021be a p\u0103rului<\/p>\n","protected":false},"featured_media":22722,"template":"","meta":{"site-sidebar-layout":"default","site-content-layout":"","ast-site-content-layout":"default","site-content-style":"default","site-sidebar-style":"default","ast-global-header-display":"","ast-banner-title-visibility":"","ast-main-header-display":"","ast-hfb-above-header-display":"","ast-hfb-below-header-display":"","ast-hfb-mobile-header-display":"","site-post-title":"","ast-breadcrumbs-content":"","ast-featured-img":"","footer-sml-layout":"","ast-disable-related-posts":"","theme-transparent-header-meta":"default","adv-header-id-meta":"","stick-header-meta":"default","header-above-stick-meta":"","header-main-stick-meta":"","header-below-stick-meta":"","astra-migrate-meta-layouts":"default","ast-page-background-enabled":"default","ast-page-background-meta":{"desktop":{"background-color":"var(--ast-global-color-4)","background-image":"","background-repeat":"repeat","background-position":"center center","background-size":"auto","background-attachment":"scroll","background-type":"","background-media":"","overlay-type":"","overlay-color":"","overlay-opacity":"","overlay-gradient":""},"tablet":{"background-color":"","background-image":"","background-repeat":"repeat","background-position":"center center","background-size":"auto","background-attachment":"scroll","background-type":"","background-media":"","overlay-type":"","overlay-color":"","overlay-opacity":"","overlay-gradient":""},"mobile":{"background-color":"","background-image":"","background-repeat":"repeat","background-position":"center center","background-size":"auto","background-attachment":"scroll","background-type":"","background-media":"","overlay-type":"","overlay-color":"","overlay-opacity":"","overlay-gradient":""}},"ast-content-background-meta":{"desktop":{"background-color":"var(--ast-global-color-5)","background-image":"","background-repeat":"repeat","background-position":"center center","background-size":"auto","background-attachment":"scroll","background-type":"","background-media":"","overlay-type":"","overlay-color":"","overlay-opacity":"","overlay-gradient":""},"tablet":{"background-color":"var(--ast-global-color-5)","background-image":"","background-repeat":"repeat","background-position":"center center","background-size":"auto","background-attachment":"scroll","background-type":"","background-media":"","overlay-type":"","overlay-color":"","overlay-opacity":"","overlay-gradient":""},"mobile":{"background-color":"var(--ast-global-color-5)","background-image":"","background-repeat":"repeat","background-position":"center center","background-size":"auto","background-attachment":"scroll","background-type":"","background-media":"","overlay-type":"","overlay-color":"","overlay-opacity":"","overlay-gradient":""}}},"product_brand":[],"product_cat":[790],"product_tag":[],"class_list":{"0":"post-22746","1":"product","2":"type-product","3":"status-publish","4":"has-post-thumbnail","6":"product_cat-pure-ro","7":"pa_animal-caine","8":"pa_proprietes-de-protectie","9":"pa_proprietes-detangler-ro","10":"pa_proprietes-lustrui","11":"pa_type-de-poils-par-lung","12":"desktop-align-left","13":"tablet-align-left","14":"mobile-align-left","15":"ast-product-gallery-layout-horizontal-slider","16":"ast-product-gallery-with-no-image","17":"ast-product-tabs-layout-horizontal","19":"first","20":"instock","21":"shipping-taxable","22":"product-type-simple"},"_links":{"self":[{"href":"https:\/\/www.laboratoire-diamex.com\/ro\/wp-json\/wp\/v2\/product\/22746","targetHints":{"allow":["GET"]}}],"collection":[{"href":"https:\/\/www.laboratoire-diamex.com\/ro\/wp-json\/wp\/v2\/product"}],"about":[{"href":"https:\/\/www.laboratoire-diamex.com\/ro\/wp-json\/wp\/v2\/types\/product"}],"version-history":[{"count":0,"href":"https:\/\/www.laboratoire-diamex.com\/ro\/wp-json\/wp\/v2\/product\/22746\/revisions"}],"wp:featuredmedia":[{"embeddable":true,"href":"https:\/\/www.laboratoire-diamex.com\/ro\/wp-json\/wp\/v2\/media\/22722"}],"wp:attachment":[{"href":"https:\/\/www.laboratoire-diamex.com\/ro\/wp-json\/wp\/v2\/media?parent=22746"}],"wp:term":[{"taxonomy":"product_brand","embeddable":true,"href":"https:\/\/www.laboratoire-diamex.com\/ro\/wp-json\/wp\/v2\/product_brand?post=22746"},{"taxonomy":"product_cat","embeddable":true,"href":"https:\/\/www.laboratoire-diamex.com\/ro\/wp-json\/wp\/v2\/product_cat?post=22746"},{"taxonomy":"product_tag","embeddable":true,"href":"https:\/\/www.laboratoire-diamex.com\/ro\/wp-json\/wp\/v2\/product_tag?post=22746"}],"curies":[{"name":"wp","href":"https:\/\/api.w.org\/{rel}","templated":true}]}}