{"id":24376,"date":"2025-08-11T11:42:17","date_gmt":"2025-08-11T09:42:17","guid":{"rendered":"https:\/\/www.laboratoire-diamex.com\/catalogue\/sampon-diamex-shedcontrol\/"},"modified":"2025-08-11T11:42:17","modified_gmt":"2025-08-11T09:42:17","slug":"sampon-diamex-shedcontrol","status":"publish","type":"product","link":"https:\/\/www.laboratoire-diamex.com\/ro\/catalog\/sampon-diamex-shedcontrol\/","title":{"rendered":"\u0218ampon Diamex ShedControl"},"content":{"rendered":"<h2>Descriere<\/h2>\n<p>\u0218ampon Diamex<strong>  SHEDCONTROL<\/strong> <span class=\"OYPEnA font-feature-liga-off font-feature-clig-off font-feature-calt-off text-decoration-none text-strikethrough-none\">satisface nevoile animalelor cu blan\u0103 dens\u0103 sau predispuse la v\u0103rsare. Este ideal pentru c\u00e2inii cu blan\u0103 dubl\u0103, c\u00e2inii cu p\u0103r scurt cu c\u0103dere abundent\u0103 \u0219i pisici. Acest \u0219ampon delicat ajut\u0103 la eliminarea firelor de p\u0103r moarte, limiteaz\u0103 c\u0103derea \u0219i favorizeaz\u0103 o regenerare s\u0103n\u0103toas\u0103. \u00cembog\u0103\u021bit cu agen\u021bi hidratan\u021bi, acesta respect\u0103 pielea \u0219i blana.   <\/span><\/p>\n<h2>Instruc\u021biuni de utilizare<\/h2>\n<p><span class=\"OYPEnA font-feature-liga-off font-feature-clig-off font-feature-calt-off text-decoration-none text-strikethrough-none\">Aplica\u021bi o prim\u0103 doz\u0103 de \u0219ampon uniform pe p\u0103r, umezindu-l mai \u00eent\u00e2i cu ap\u0103 c\u0103ldu\u021b\u0103. Masa\u021bi \u0219i cl\u0103ti\u021bi par\u021bial. Aplica\u021bi o a doua doz\u0103. L\u0103sa\u021bi s\u0103 ac\u021bioneze timp de 2 p\u00e2n\u0103 la 5 minute. Masa\u021bi \u00eenc\u0103 o dat\u0103 bine. Peria\u021bi pentru a \u00eendep\u0103rta firele de p\u0103r moarte. Cl\u0103ti\u021bi bine \u0219i usca\u021bi.      <\/span><\/p>\n<h2>Ambalaje<\/h2>\n<p>1 litru \u0219i 5 litri.<\/p>\n<h2>Coduri EAN<\/h2>\n<p>1 litru :  <span class=\"OYPEnA font-feature-liga-off font-feature-clig-off font-feature-calt-off text-decoration-none text-strikethrough-none\">54 250 1685 822 6<\/span><br \/>\n<span style=\"font-size: 16px;\">5 litri: 54 250 1685 <span class=\"OYPEnA font-feature-liga-off font-feature-clig-off font-feature-calt-off text-decoration-none text-strikethrough-none\">823 3<\/span><\/span><\/p>\n<h2>Referin\u021be<\/h2>\n<p><span style=\"font-size: 16px;\">1 litru: <span class=\"OYPEnA font-feature-liga-off font-feature-clig-off font-feature-calt-off text-decoration-none text-strikethrough-none\">020345<\/span><br \/>\n<\/span>5 litri: <span class=\"OYPEnA font-feature-liga-off font-feature-clig-off font-feature-calt-off text-decoration-none text-strikethrough-none\">020346<\/span><\/p>\n","protected":false},"excerpt":{"rendered":"<p>\u0218ampon care \u00eendep\u0103rteaz\u0103 eficient firele de p\u0103r moarte \u0219i promoveaz\u0103 regenerarea s\u0103n\u0103toas\u0103, ideal pentru animalele cu blan\u0103 dens\u0103 sau care vars\u0103 mult.<\/p>\n","protected":false},"featured_media":24311,"template":"","meta":{"site-sidebar-layout":"default","site-content-layout":"","ast-site-content-layout":"default","site-content-style":"default","site-sidebar-style":"default","ast-global-header-display":"","ast-banner-title-visibility":"","ast-main-header-display":"","ast-hfb-above-header-display":"","ast-hfb-below-header-display":"","ast-hfb-mobile-header-display":"","site-post-title":"","ast-breadcrumbs-content":"","ast-featured-img":"","footer-sml-layout":"","ast-disable-related-posts":"","theme-transparent-header-meta":"default","adv-header-id-meta":"","stick-header-meta":"default","header-above-stick-meta":"","header-main-stick-meta":"","header-below-stick-meta":"","astra-migrate-meta-layouts":"default","ast-page-background-enabled":"default","ast-page-background-meta":{"desktop":{"background-color":"var(--ast-global-color-4)","background-image":"","background-repeat":"repeat","background-position":"center center","background-size":"auto","background-attachment":"scroll","background-type":"","background-media":"","overlay-type":"","overlay-color":"","overlay-opacity":"","overlay-gradient":""},"tablet":{"background-color":"","background-image":"","background-repeat":"repeat","background-position":"center center","background-size":"auto","background-attachment":"scroll","background-type":"","background-media":"","overlay-type":"","overlay-color":"","overlay-opacity":"","overlay-gradient":""},"mobile":{"background-color":"","background-image":"","background-repeat":"repeat","background-position":"center center","background-size":"auto","background-attachment":"scroll","background-type":"","background-media":"","overlay-type":"","overlay-color":"","overlay-opacity":"","overlay-gradient":""}},"ast-content-background-meta":{"desktop":{"background-color":"var(--ast-global-color-5)","background-image":"","background-repeat":"repeat","background-position":"center center","background-size":"auto","background-attachment":"scroll","background-type":"","background-media":"","overlay-type":"","overlay-color":"","overlay-opacity":"","overlay-gradient":""},"tablet":{"background-color":"var(--ast-global-color-5)","background-image":"","background-repeat":"repeat","background-position":"center center","background-size":"auto","background-attachment":"scroll","background-type":"","background-media":"","overlay-type":"","overlay-color":"","overlay-opacity":"","overlay-gradient":""},"mobile":{"background-color":"var(--ast-global-color-5)","background-image":"","background-repeat":"repeat","background-position":"center center","background-size":"auto","background-attachment":"scroll","background-type":"","background-media":"","overlay-type":"","overlay-color":"","overlay-opacity":"","overlay-gradient":""}}},"product_brand":[],"product_cat":[749],"product_tag":[],"class_list":{"0":"post-24376","1":"product","2":"type-product","3":"status-publish","4":"has-post-thumbnail","6":"product_cat-classique-ro","7":"pa_animal-caine","8":"pa_animal-pisica","9":"pa_proprietes-fortificarea","10":"pa_proprietes-hidratant","11":"pa_proprietes-prevenirea-caderii-parului","12":"pa_type-de-poils-par-aspru","13":"pa_type-de-poils-par-lung","14":"pa_type-de-poils-par-scurt","15":"pa_type-de-poils-toate-tipurile","16":"desktop-align-left","17":"tablet-align-left","18":"mobile-align-left","19":"ast-product-gallery-layout-horizontal-slider","20":"ast-product-tabs-layout-horizontal","22":"first","23":"instock","24":"shipping-taxable","25":"product-type-simple"},"_links":{"self":[{"href":"https:\/\/www.laboratoire-diamex.com\/ro\/wp-json\/wp\/v2\/product\/24376","targetHints":{"allow":["GET"]}}],"collection":[{"href":"https:\/\/www.laboratoire-diamex.com\/ro\/wp-json\/wp\/v2\/product"}],"about":[{"href":"https:\/\/www.laboratoire-diamex.com\/ro\/wp-json\/wp\/v2\/types\/product"}],"version-history":[{"count":0,"href":"https:\/\/www.laboratoire-diamex.com\/ro\/wp-json\/wp\/v2\/product\/24376\/revisions"}],"wp:featuredmedia":[{"embeddable":true,"href":"https:\/\/www.laboratoire-diamex.com\/ro\/wp-json\/wp\/v2\/media\/24311"}],"wp:attachment":[{"href":"https:\/\/www.laboratoire-diamex.com\/ro\/wp-json\/wp\/v2\/media?parent=24376"}],"wp:term":[{"taxonomy":"product_brand","embeddable":true,"href":"https:\/\/www.laboratoire-diamex.com\/ro\/wp-json\/wp\/v2\/product_brand?post=24376"},{"taxonomy":"product_cat","embeddable":true,"href":"https:\/\/www.laboratoire-diamex.com\/ro\/wp-json\/wp\/v2\/product_cat?post=24376"},{"taxonomy":"product_tag","embeddable":true,"href":"https:\/\/www.laboratoire-diamex.com\/ro\/wp-json\/wp\/v2\/product_tag?post=24376"}],"curies":[{"name":"wp","href":"https:\/\/api.w.org\/{rel}","templated":true}]}}