{"id":9805,"date":"2023-07-11T13:00:47","date_gmt":"2023-07-11T11:00:47","guid":{"rendered":"https:\/\/www.laboratoire-diamex.com\/catalogue\/parfum-diamex-elliot-lola-enjoy\/"},"modified":"2024-07-04T12:58:37","modified_gmt":"2024-07-04T10:58:37","slug":"parfum-diamex-elliot-lola-enjoy","status":"publish","type":"product","link":"https:\/\/www.laboratoire-diamex.com\/ro\/catalog\/parfum-diamex-elliot-lola-enjoy\/","title":{"rendered":"Parfum Diamex ELLIOT &amp; LOLA Enjoy"},"content":{"rendered":"<h2>Descriere<\/h2>\n<p>Parfumul ELLIOT &amp; LOLA Enjoy este un cocktail de esen\u021be gurmande \u0219i fermec\u0103toare. Pe baz\u0103 de alcool vegetal, parfumeaz\u0103 delicat blana c\u00e2inelui dumneavoastr\u0103 f\u0103r\u0103 a-l deranja.<\/p>\n<h2>Ambalare<\/h2>\n<p>50 mililitri, 1 litru \u0219i 5 litri.<\/p>\n<h2>Instruc\u021biuni de utilizare<\/h2>\n<p>Se pulverizeaz\u0103 pe blan\u0103, evit\u00e2nd contactul cu ochii.<\/p>\n<h2>Compozi\u021bie<\/h2>\n<p>Alcool denat, aqua, parfum.<\/p>\n<h2>Coduri EAN<\/h2>\n<ul>\n<li>50 mililitri: 54 250 1685 431 0<\/li>\n<li>1 litru : 54 250 1685 434 1<\/li>\n<li>5 litri :<\/li>\n<\/ul>\n<h2>Referin\u021be<\/h2>\n<ul>\n<li>50 mililitri : 020264<\/li>\n<li>1 litru : 020267<\/li>\n<li>5 litri : 020281<\/li>\n<\/ul>\n","protected":false},"excerpt":{"rendered":"<p>Parfumul ELLIOT &amp; LOLA Enjoy este un cocktail de esen\u021be gurmande \u0219i fermec\u0103toare.<\/p>\n","protected":false},"featured_media":9813,"template":"","meta":{"site-sidebar-layout":"default","site-content-layout":"default","ast-site-content-layout":"default","site-content-style":"default","site-sidebar-style":"default","ast-global-header-display":"","ast-banner-title-visibility":"","ast-main-header-display":"","ast-hfb-above-header-display":"","ast-hfb-below-header-display":"","ast-hfb-mobile-header-display":"","site-post-title":"","ast-breadcrumbs-content":"","ast-featured-img":"","footer-sml-layout":"","ast-disable-related-posts":"","theme-transparent-header-meta":"default","adv-header-id-meta":"","stick-header-meta":"default","header-above-stick-meta":"","header-main-stick-meta":"","header-below-stick-meta":"","astra-migrate-meta-layouts":"default","ast-page-background-enabled":"default","ast-page-background-meta":{"desktop":{"background-color":"var(--ast-global-color-4)","background-image":"","background-repeat":"repeat","background-position":"center center","background-size":"auto","background-attachment":"scroll","background-type":"","background-media":"","overlay-type":"","overlay-color":"","overlay-opacity":"","overlay-gradient":""},"tablet":{"background-color":"","background-image":"","background-repeat":"repeat","background-position":"center center","background-size":"auto","background-attachment":"scroll","background-type":"","background-media":"","overlay-type":"","overlay-color":"","overlay-opacity":"","overlay-gradient":""},"mobile":{"background-color":"","background-image":"","background-repeat":"repeat","background-position":"center center","background-size":"auto","background-attachment":"scroll","background-type":"","background-media":"","overlay-type":"","overlay-color":"","overlay-opacity":"","overlay-gradient":""}},"ast-content-background-meta":{"desktop":{"background-color":"var(--ast-global-color-5)","background-image":"","background-repeat":"repeat","background-position":"center center","background-size":"auto","background-attachment":"scroll","background-type":"","background-media":"","overlay-type":"","overlay-color":"","overlay-opacity":"","overlay-gradient":""},"tablet":{"background-color":"var(--ast-global-color-5)","background-image":"","background-repeat":"repeat","background-position":"center center","background-size":"auto","background-attachment":"scroll","background-type":"","background-media":"","overlay-type":"","overlay-color":"","overlay-opacity":"","overlay-gradient":""},"mobile":{"background-color":"var(--ast-global-color-5)","background-image":"","background-repeat":"repeat","background-position":"center center","background-size":"auto","background-attachment":"scroll","background-type":"","background-media":"","overlay-type":"","overlay-color":"","overlay-opacity":"","overlay-gradient":""}}},"product_brand":[],"product_cat":[774],"product_tag":[],"class_list":{"0":"post-9805","1":"product","2":"type-product","3":"status-publish","4":"has-post-thumbnail","6":"product_cat-parfums-ro","7":"pa_animal-caine","8":"desktop-align-left","9":"tablet-align-left","10":"mobile-align-left","11":"ast-product-gallery-layout-horizontal-slider","12":"ast-product-gallery-with-no-image","13":"ast-product-tabs-layout-horizontal","15":"first","16":"instock","17":"shipping-taxable","18":"product-type-simple"},"_links":{"self":[{"href":"https:\/\/www.laboratoire-diamex.com\/ro\/wp-json\/wp\/v2\/product\/9805","targetHints":{"allow":["GET"]}}],"collection":[{"href":"https:\/\/www.laboratoire-diamex.com\/ro\/wp-json\/wp\/v2\/product"}],"about":[{"href":"https:\/\/www.laboratoire-diamex.com\/ro\/wp-json\/wp\/v2\/types\/product"}],"version-history":[{"count":0,"href":"https:\/\/www.laboratoire-diamex.com\/ro\/wp-json\/wp\/v2\/product\/9805\/revisions"}],"wp:featuredmedia":[{"embeddable":true,"href":"https:\/\/www.laboratoire-diamex.com\/ro\/wp-json\/wp\/v2\/media\/9813"}],"wp:attachment":[{"href":"https:\/\/www.laboratoire-diamex.com\/ro\/wp-json\/wp\/v2\/media?parent=9805"}],"wp:term":[{"taxonomy":"product_brand","embeddable":true,"href":"https:\/\/www.laboratoire-diamex.com\/ro\/wp-json\/wp\/v2\/product_brand?post=9805"},{"taxonomy":"product_cat","embeddable":true,"href":"https:\/\/www.laboratoire-diamex.com\/ro\/wp-json\/wp\/v2\/product_cat?post=9805"},{"taxonomy":"product_tag","embeddable":true,"href":"https:\/\/www.laboratoire-diamex.com\/ro\/wp-json\/wp\/v2\/product_tag?post=9805"}],"curies":[{"name":"wp","href":"https:\/\/api.w.org\/{rel}","templated":true}]}}